{"id":15991,"date":"2020-11-27T16:00:31","date_gmt":"2020-11-27T15:00:31","guid":{"rendered":"https:\/\/fiala.de\/lawyer-for-distribution-law-in-munich\/"},"modified":"2024-10-24T16:25:09","modified_gmt":"2024-10-24T14:25:09","slug":"lawyer-for-distribution-law-in-munich","status":"publish","type":"page","link":"https:\/\/www.fiala.de\/en\/fields-of-law\/lawyer-for-distribution-law-in-munich\/","title":{"rendered":"Lawyer for distribution law in Munich"},"content":{"rendered":"\t\t<div data-elementor-type=\"wp-page\" data-elementor-id=\"15991\" class=\"elementor elementor-15991 elementor-14153\" data-elementor-post-type=\"page\">\n\t\t\t\t<div class=\"elementor-element elementor-element-f3f685c e-flex e-con-boxed e-con e-parent\" data-id=\"f3f685c\" data-element_type=\"container\" data-e-type=\"container\">\n\t\t\t\t\t<div class=\"e-con-inner\">\n\t\t\t\t<div class=\"elementor-element elementor-element-9a3f7e3 elementor-widget elementor-widget-heading\" data-id=\"9a3f7e3\" data-element_type=\"widget\" data-e-type=\"widget\" data-widget_type=\"heading.default\">\n\t\t\t\t<div class=\"elementor-widget-container\">\n\t\t\t\t\t<h2 class=\"elementor-heading-title elementor-size-default\">The distribution right as a framework for determining sales<\/h2>\t\t\t\t<\/div>\n\t\t\t\t<\/div>\n\t\t\t\t<div class=\"elementor-element elementor-element-2fc96d8 elementor-widget elementor-widget-text-editor\" data-id=\"2fc96d8\" data-element_type=\"widget\" data-e-type=\"widget\" data-widget_type=\"text-editor.default\">\n\t\t\t\t<div class=\"elementor-widget-container\">\n\t\t\t\t\t\t\t\t\t<p>In a world oriented towards sales and distribution, with internationally organized markets and global exchange of goods, the <strong>distribution law forms the legal framework<\/strong> for regulating the distribution of goods at the <strong>national and international level<\/strong>. The <strong>distribution law<\/strong> does not describe a <strong>\u201cset of legal rules\u201d<\/strong> of its own for the organisation of the sale of goods, but is rather to be understood as a <strong>overarching term<\/strong> for a wealth of regulations from the most varied areas of <strong>national and international law<\/strong> relating to the marketing of goods and services. For example, elements and case law from the areas of <strong>distribution law<\/strong>, <strong>commercial law<\/strong>, European law, <strong>antitrust law<\/strong> or <strong>labour law<\/strong> play a role in distribution law. Not to be forgotten when considering distribution law are also aspects of international regulations on the organisation of global trade as well as <strong>tax law aspects<\/strong> at home and abroad.<\/p>\n<p>In simple terms, distribution law regulates the <strong>legal relationship<\/strong> and the <strong>employment relationship<\/strong> between companies and their <strong>distributors\/intermediaries<\/strong>. Exemplary constellations would be contractual relationships and cooperation between insurance companies and insurance agents or suppliers and their authorised dealers. As a rule, the distribution right does not include the <strong>legal relationship with the end customer<\/strong>.<\/p>\n<p>In addition to advising you on questions of distribution law, we represent you in the enforcement of your contractual claims and demands in court. Of course, we also support you in out-of-court dispute settlements.<\/p>\t\t\t\t\t\t\t\t<\/div>\n\t\t\t\t<\/div>\n\t\t\t\t\t<\/div>\n\t\t\t\t<\/div>\n\t\t<div class=\"elementor-element elementor-element-94a62a4 e-flex e-con-boxed e-con e-parent\" data-id=\"94a62a4\" data-element_type=\"container\" data-e-type=\"container\">\n\t\t\t\t\t<div class=\"e-con-inner\">\n\t\t\t\t<div class=\"elementor-element elementor-element-c9e128b elementor-widget elementor-widget-heading\" data-id=\"c9e128b\" data-element_type=\"widget\" data-e-type=\"widget\" data-widget_type=\"heading.default\">\n\t\t\t\t<div class=\"elementor-widget-container\">\n\t\t\t\t\t<h2 class=\"elementor-heading-title elementor-size-default\">How we support you in the area of distribution law<\/h2>\t\t\t\t<\/div>\n\t\t\t\t<\/div>\n\t\t\t\t<div class=\"elementor-element elementor-element-a688c6d elementor-widget elementor-widget-text-editor\" data-id=\"a688c6d\" data-element_type=\"widget\" data-e-type=\"widget\" data-widget_type=\"text-editor.default\">\n\t\t\t\t<div class=\"elementor-widget-container\">\n\t\t\t\t\t\t\t\t\t<ul>\n<li>Customised drafting and design of <strong>distribution agreements<\/strong>:<br><strong>Franchise agreements, commercial agency agreements, brokerage agreements, commission agreements, agency agreements<\/strong><\/li>\n<li>Drafting of <strong>authorised dealer contracts<\/strong> and general terms and conditions<\/li>\n<li>Advice and support on the subject <strong>Commercial agency law<\/strong><\/li>\n<li>Representation in disputes concerning <strong>commercial agent compensation (<a href=\"https:\/\/dejure.org\/gesetze\/HGB\/89b.html\" title=\"&sect; 89b HGB\" rel=\"nofollow noopener\" target=\"_blank\" class=\"external\">\u00a7 89b HGB<\/a>)<\/strong> and <strong>commissions<\/strong><\/li>\n<li>Advice on the <strong>termination of commercial agents =&gt; non-compete clause<\/strong> and <strong>contractual penalties<\/strong><\/li>\n<li><strong>Antitrust law advice<\/strong><\/li>\n<li>Drafting of <strong>supply contracts<\/strong>, <strong>non-disclosure agreements<\/strong><\/li>\n<li>Advice on insurance<\/li>\n<li>Assertion of <strong>claims for damages <\/strong> <\/li>\n<li>Reversal of commercial contracts<\/li>\n<li>Handling of <strong>canceled contracts and agreements<\/strong><\/li>\n<li>Advice and representation in <strong>judicial disputes<\/strong> also internationally<\/li>\n<\/ul>\t\t\t\t\t\t\t\t<\/div>\n\t\t\t\t<\/div>\n\t\t\t\t\t<\/div>\n\t\t\t\t<\/div>\n\t\t<div class=\"elementor-element elementor-element-df267d6 e-flex e-con-boxed e-con e-parent\" data-id=\"df267d6\" data-element_type=\"container\" data-e-type=\"container\">\n\t\t\t\t\t<div class=\"e-con-inner\">\n\t\t\t\t<div class=\"elementor-element elementor-element-35735d2 elementor-widget elementor-widget-heading\" data-id=\"35735d2\" data-element_type=\"widget\" data-e-type=\"widget\" data-widget_type=\"heading.default\">\n\t\t\t\t<div class=\"elementor-widget-container\">\n\t\t\t\t\t<h3 class=\"elementor-heading-title elementor-size-default\">Helpful articles on the topic of distribution law and commercial law<\/h3>\t\t\t\t<\/div>\n\t\t\t\t<\/div>\n\t\t\t\t<div class=\"elementor-element elementor-element-61d5625 elementor-widget elementor-widget-text-editor\" data-id=\"61d5625\" data-element_type=\"widget\" data-e-type=\"widget\" data-widget_type=\"text-editor.default\">\n\t\t\t\t<div class=\"elementor-widget-container\">\n\t\t\t\t\t\t\t\t\t<ul>\n<li><a href=\"https:\/\/www.fiala.de\/en\/vermittler-und-vertriebsrecht-software-ohne-qualitaetsmanagement-als-haftungsfalle\/\" target=\"_blank\" rel=\"noopener\">Vermittler- und Vertriebsrecht: Software ohne Qualit\u00e4tsmanagement als Haftungsfalle !<\/a><\/li>\n<li><a href=\"https:\/\/www.fiala.de\/en\/training-liability-in-insurance-capital-investment-and-bank-sales\/\" target=\"_blank\" rel=\"noopener\">Training liability in insurance, capital investment and bank sales<\/a><\/li>\n<li><a href=\"https:\/\/www.fiala.de\/en\/insurers-distribution-often-not-in-compliance-with-the-law\/\" target=\"_blank\" rel=\"noopener\">Insurers&#8217; distribution often not in compliance with the law<\/a><\/li>\n<li><a href=\"https:\/\/www.fiala.de\/en\/financial-distribution-without-a-licence-and-without-supervision\/\" target=\"_blank\" rel=\"noopener\">Financial distribution without a licence and without supervision?<\/a><\/li>\n<\/ul>\t\t\t\t\t\t\t\t<\/div>\n\t\t\t\t<\/div>\n\t\t<div class=\"elementor-element elementor-element-ce8b629 e-con-full e-flex e-con e-child\" data-id=\"ce8b629\" data-element_type=\"container\" data-e-type=\"container\">\n\t\t\t\t<div class=\"elementor-element elementor-element-5870333 elementor-widget elementor-widget-template\" data-id=\"5870333\" data-element_type=\"widget\" data-e-type=\"widget\" data-widget_type=\"template.default\">\n\t\t\t\t<div class=\"elementor-widget-container\">\n\t\t\t\t\t\t\t<div class=\"elementor-template\">\n\t\t\t\t\t<div data-elementor-type=\"container\" data-elementor-id=\"27699\" class=\"elementor elementor-27699\" data-elementor-post-type=\"elementor_library\">\n\t\t\t\t<div class=\"elementor-element elementor-element-2fe1e89 e-con-full advanced-contact-horz__inner e-flex e-con e-child\" data-id=\"2fe1e89\" data-element_type=\"container\" data-e-type=\"container\" data-settings=\"{&quot;background_background&quot;:&quot;classic&quot;}\">\n\t\t<div class=\"elementor-element elementor-element-976a62b e-con-full e-flex e-con e-child\" data-id=\"976a62b\" data-element_type=\"container\" data-e-type=\"container\" data-settings=\"{&quot;background_background&quot;:&quot;gradient&quot;}\">\n\t\t<div class=\"elementor-element elementor-element-43fa846 e-con-full e-flex e-con e-child\" data-id=\"43fa846\" data-element_type=\"container\" data-e-type=\"container\">\n\t\t<div class=\"elementor-element elementor-element-345356e e-con-full e-flex e-con e-child\" data-id=\"345356e\" data-element_type=\"container\" data-e-type=\"container\">\n\t\t\t\t<div class=\"elementor-element elementor-element-891a08c elementor-widget elementor-widget-heading\" data-id=\"891a08c\" data-element_type=\"widget\" data-e-type=\"widget\" data-widget_type=\"heading.default\">\n\t\t\t\t<div class=\"elementor-widget-container\">\n\t\t\t\t\t<h2 class=\"elementor-heading-title elementor-size-default\">Sie haben Fragen?<\/h2>\t\t\t\t<\/div>\n\t\t\t\t<\/div>\n\t\t\t\t<div class=\"elementor-element elementor-element-5d564e1 elementor-widget elementor-widget-text-editor\" data-id=\"5d564e1\" data-element_type=\"widget\" data-e-type=\"widget\" data-widget_type=\"text-editor.default\">\n\t\t\t\t<div class=\"elementor-widget-container\">\n\t\t\t\t\t\t\t\t\t<p>Scheuen Sie sich nicht, uns f\u00fcr ein Kennenlern&shy;gespr\u00e4ch anzurufen. Gerne nehme ich mir pers\u00f6nlich Zeit, um Ihren Fall zu pr\u00fcfen und den ungef\u00e4hren Aufwand f\u00fcr Ihr Anliegen abzusch\u00e4tzen.<\/p><p>\nDanach sind Sie schon einen Schritt weiter!<\/p><p>\nSie erreichen uns per Telefon unter der Nummer\u00a0<a href=\"tel:0891790900\" target=\"_blank\" rel=\"noopener\">089 \/ 17 90 900<\/a>\u00a0oder mit einem Klick auf den Button:<\/p>\t\t\t\t\t\t\t\t<\/div>\n\t\t\t\t<\/div>\n\t\t\t\t<div class=\"elementor-element elementor-element-0b239bb elementor-widget elementor-widget-button\" data-id=\"0b239bb\" data-element_type=\"widget\" data-e-type=\"widget\" data-widget_type=\"button.default\">\n\t\t\t\t<div class=\"elementor-widget-container\">\n\t\t\t\t\t\t\t\t\t<div class=\"elementor-button-wrapper\">\n\t\t\t\t\t<a class=\"elementor-button elementor-button-link elementor-size-sm\" href=\"tel:0891790900\">\n\t\t\t\t\t\t<span class=\"elementor-button-content-wrapper\">\n\t\t\t\t\t\t<span class=\"elementor-button-icon\">\n\t\t\t\t<svg aria-hidden=\"true\" class=\"e-font-icon-svg e-fas-phone-volume\" viewBox=\"0 0 384 512\" xmlns=\"http:\/\/www.w3.org\/2000\/svg\"><path d=\"M97.333 506.966c-129.874-129.874-129.681-340.252 0-469.933 5.698-5.698 14.527-6.632 21.263-2.422l64.817 40.513a17.187 17.187 0 0 1 6.849 20.958l-32.408 81.021a17.188 17.188 0 0 1-17.669 10.719l-55.81-5.58c-21.051 58.261-20.612 122.471 0 179.515l55.811-5.581a17.188 17.188 0 0 1 17.669 10.719l32.408 81.022a17.188 17.188 0 0 1-6.849 20.958l-64.817 40.513a17.19 17.19 0 0 1-21.264-2.422zM247.126 95.473c11.832 20.047 11.832 45.008 0 65.055-3.95 6.693-13.108 7.959-18.718 2.581l-5.975-5.726c-3.911-3.748-4.793-9.622-2.261-14.41a32.063 32.063 0 0 0 0-29.945c-2.533-4.788-1.65-10.662 2.261-14.41l5.975-5.726c5.61-5.378 14.768-4.112 18.718 2.581zm91.787-91.187c60.14 71.604 60.092 175.882 0 247.428-4.474 5.327-12.53 5.746-17.552.933l-5.798-5.557c-4.56-4.371-4.977-11.529-.93-16.379 49.687-59.538 49.646-145.933 0-205.422-4.047-4.85-3.631-12.008.93-16.379l5.798-5.557c5.022-4.813 13.078-4.394 17.552.933zm-45.972 44.941c36.05 46.322 36.108 111.149 0 157.546-4.39 5.641-12.697 6.251-17.856 1.304l-5.818-5.579c-4.4-4.219-4.998-11.095-1.285-15.931 26.536-34.564 26.534-82.572 0-117.134-3.713-4.836-3.115-11.711 1.285-15.931l5.818-5.579c5.159-4.947 13.466-4.337 17.856 1.304z\"><\/path><\/svg>\t\t\t<\/span>\n\t\t\t\t\t\t\t\t\t<span class=\"elementor-button-text\">Anruf starten<\/span>\n\t\t\t\t\t<\/span>\n\t\t\t\t\t<\/a>\n\t\t\t\t<\/div>\n\t\t\t\t\t\t\t\t<\/div>\n\t\t\t\t<\/div>\n\t\t\t\t<\/div>\n\t\t<div class=\"elementor-element elementor-element-a292c37 e-con-full e-flex e-con e-child\" data-id=\"a292c37\" data-element_type=\"container\" data-e-type=\"container\">\n\t\t<div class=\"elementor-element elementor-element-c5b33ff e-con-full e-flex e-con e-child\" data-id=\"c5b33ff\" data-element_type=\"container\" data-e-type=\"container\" data-settings=\"{&quot;background_background&quot;:&quot;classic&quot;}\">\n\t\t\t\t<div class=\"elementor-element elementor-element-d674e95 elementor-widget elementor-widget-image\" data-id=\"d674e95\" data-element_type=\"widget\" data-e-type=\"widget\" data-widget_type=\"image.default\">\n\t\t\t\t<div class=\"elementor-widget-container\">\n\t\t\t\t\t\t\t\t\t\t\t\t\t\t\t<img fetchpriority=\"high\" decoding=\"async\" width=\"392\" height=\"392\" src=\"https:\/\/www.fiala.de\/wp-content\/uploads\/2019\/12\/portrait_fiala.png\" class=\"attachment-large size-large wp-image-12460\" alt=\"Portrait Dr. Fiala\" srcset=\"https:\/\/www.fiala.de\/wp-content\/uploads\/2019\/12\/portrait_fiala.png 392w, https:\/\/www.fiala.de\/wp-content\/uploads\/2019\/12\/portrait_fiala-300x300.png 300w, https:\/\/www.fiala.de\/wp-content\/uploads\/2019\/12\/portrait_fiala-150x150.png 150w\" sizes=\"(max-width: 392px) 100vw, 392px\" loading=\"eager\" \/>\t\t\t\t\t\t\t\t\t\t\t\t\t\t\t<\/div>\n\t\t\t\t<\/div>\n\t\t\t\t<div class=\"elementor-element elementor-element-274f1b3 elementor-widget elementor-widget-heading\" data-id=\"274f1b3\" data-element_type=\"widget\" data-e-type=\"widget\" data-widget_type=\"heading.default\">\n\t\t\t\t<div class=\"elementor-widget-container\">\n\t\t\t\t\t<h3 class=\"elementor-heading-title elementor-size-default\">Dr. Johannes Fiala<\/h3>\t\t\t\t<\/div>\n\t\t\t\t<\/div>\n\t\t\t\t<div class=\"elementor-element elementor-element-d11d9bf elementor-widget elementor-widget-text-editor\" data-id=\"d11d9bf\" data-element_type=\"widget\" data-e-type=\"widget\" data-widget_type=\"text-editor.default\">\n\t\t\t\t<div class=\"elementor-widget-container\">\n\t\t\t\t\t\t\t\t\t<p>Ihr Anwalt aus M\u00fcnchen ist zuverl\u00e4ssig und kompetent immer an Ihrer Seite.\u00a0<\/p>\t\t\t\t\t\t\t\t<\/div>\n\t\t\t\t<\/div>\n\t\t\t\t<\/div>\n\t\t\t\t<\/div>\n\t\t\t\t<\/div>\n\t\t<div class=\"elementor-element elementor-element-eff947d e-con-full e-flex e-con e-child\" data-id=\"eff947d\" data-element_type=\"container\" data-e-type=\"container\">\n\t\t\t\t<div class=\"elementor-element elementor-element-dbe9d11 elementor-widget elementor-widget-text-editor\" data-id=\"dbe9d11\" data-element_type=\"widget\" data-e-type=\"widget\" data-widget_type=\"text-editor.default\">\n\t\t\t\t<div class=\"elementor-widget-container\">\n\t\t\t\t\t\t\t\t\t<p style=\"text-align: left;\">Das erste Telefonat ist ein kostenfreies Kennenlerngespr\u00e4ch. Eine eingehende Beratung ist nicht m\u00f6glich.<br \/>Sie erfahren aber was wir f\u00fcr Sie tun k\u00f6nnen und was wir von Ihnen an Informationen und Unterlagen f\u00fcr eine qualifizierte Beratung ben\u00f6tigen. Damit haben Sie zur L\u00f6sung Ihrer Angelegenheit entscheidend beigetragen.<\/p>\t\t\t\t\t\t\t\t<\/div>\n\t\t\t\t<\/div>\n\t\t\t\t<\/div>\n\t\t\t\t<\/div>\n\t\t\t\t<\/div>\n\t\t\t\t<\/div>\n\t\t\t\t<\/div>\n\t\t\t\t\t\t<\/div>\n\t\t\t\t<\/div>\n\t\t\t\t<\/div>\n\t\t\t\t\t<\/div>\n\t\t\t\t<\/div>\n\t\t<div class=\"elementor-element elementor-element-3daf9ed grey e-flex e-con-boxed e-con e-parent\" data-id=\"3daf9ed\" data-element_type=\"container\" data-e-type=\"container\">\n\t\t\t\t\t<div class=\"e-con-inner\">\n\t\t\t\t<div class=\"elementor-element elementor-element-a6ebda9 elementor-widget elementor-widget-heading\" data-id=\"a6ebda9\" data-element_type=\"widget\" data-e-type=\"widget\" data-widget_type=\"heading.default\">\n\t\t\t\t<div class=\"elementor-widget-container\">\n\t\t\t\t\t<h2 class=\"elementor-heading-title elementor-size-default\">Press articles and publications<\/h2>\t\t\t\t<\/div>\n\t\t\t\t<\/div>\n\t\t\t\t<div class=\"elementor-element elementor-element-19a2c8d elementor-widget elementor-widget-text-editor\" data-id=\"19a2c8d\" data-element_type=\"widget\" data-e-type=\"widget\" data-widget_type=\"text-editor.default\">\n\t\t\t\t<div class=\"elementor-widget-container\">\n\t\t\t\t\t\t\t\t\t<p><strong>Here you will find selected technical terms. Click on a keyword You will receive corresponding press articles and publications as current search results. Please do not hesitate to contact us for further information.<\/strong><\/p>\n\t\t\t\t\t\t\t\t<\/div>\n\t\t\t\t<\/div>\n\t\t<div class=\"elementor-element elementor-element-d12e231 e-con-full e-flex e-con e-child\" data-id=\"d12e231\" data-element_type=\"container\" data-e-type=\"container\">\n\t\t\t\t<div class=\"elementor-element elementor-element-be82deb elementor-widget__width-initial elementor-widget elementor-widget-text-editor\" data-id=\"be82deb\" data-element_type=\"widget\" data-e-type=\"widget\" data-widget_type=\"text-editor.default\">\n\t\t\t\t<div class=\"elementor-widget-container\">\n\t\t\t\t\t\t\t\t\t<ul>\n<li><a href=\"https:\/\/www.fiala.de?s=Agenturvertrag\">Agency contract<\/a><\/li>\n<li><a href=\"https:\/\/www.fiala.de?s=Anlageberatung\">Investment advice<\/a><\/li>\n<li><a href=\"https:\/\/www.fiala.de?s=Alte+Hasen\">old hands<\/a><\/li>\n<li><a href=\"https:\/\/www.fiala.de?s=BaFin\">BaFin<\/a><\/li>\n<li><a href=\"https:\/\/www.fiala.de?s=Beraterhaftung\">Consultant liability<\/a><\/li>\n<li><a href=\"https:\/\/www.fiala.de?s=Bonit%C3%A4t\">Credit rating<\/a><\/li>\n<li><a href=\"https:\/\/www.fiala.de?s=Courtagezusage\">Brokerage promise<\/a><\/li>\n<li><a href=\"https:\/\/www.fiala.de?s=Dokumentation\">Documentation<\/a><\/li>\n<li><a href=\"https:\/\/www.fiala.de?s=Fehlberatung\">Incorrect advice<\/a><\/li>\n<li><a href=\"https:\/\/www.fiala.de?s=Haftungsdach\">Liability umbrella<\/a><\/li>\n<li><a href=\"https:\/\/www.fiala.de?s=Honorarberatung\">Fee consulting<\/a><\/li>\n<li><a href=\"https:\/\/www.fiala.de?s=Maklerrecht\">Brokerage law<\/a><\/li>\n<li><a href=\"https:\/\/www.fiala.de?s=Nettotarife\">Net tariffs<\/a><\/li>\n<li><a href=\"https:\/\/www.fiala.de?s=Pool\">Pool<\/a><\/li>\n<\/ul>\t\t\t\t\t\t\t\t<\/div>\n\t\t\t\t<\/div>\n\t\t\t\t<div class=\"elementor-element elementor-element-bd687d5 elementor-widget__width-initial elementor-widget elementor-widget-text-editor\" data-id=\"bd687d5\" data-element_type=\"widget\" data-e-type=\"widget\" data-widget_type=\"text-editor.default\">\n\t\t\t\t<div class=\"elementor-widget-container\">\n\t\t\t\t\t\t\t\t\t<ul>\n<li><a href=\"https:\/\/www.fiala.de?s=Prospektpr%C3%BCfung\">Prospectus review<\/a><\/li>\n<li><a href=\"https:\/\/www.fiala.de?s=Protokollierung\">Logging<\/a><\/li>\n<li><a href=\"https:\/\/www.fiala.de?s=Provision\">Commission<\/a><\/li>\n<li><a href=\"https:\/\/www.fiala.de?s=R%C3%BCckabwicklung\">Reversal<\/a><\/li>\n<li><a href=\"https:\/\/www.fiala.de?s=Schadensersatzhaftung\">Liability for damages<\/a><\/li>\n<li><a href=\"https:\/\/www.fiala.de?s=Strukturvertrieb\">Structured distribution<\/a><\/li>\n<li><a href=\"https:\/\/www.fiala.de?s=Treuhandvertrag\">Trustee contract<\/a><\/li>\n<li><a href=\"https:\/\/www.fiala.de?s=Totalverlustrisiko\">Total loss risk<\/a><\/li>\n<li><a href=\"https:\/\/www.fiala.de?s=Vermittlerrecht\">Mediation Law<\/a><\/li>\n<li><a href=\"https:\/\/www.fiala.de?s=Verm%C3%B6genschadenhaftpflicht\">Liability for financial loss<\/a><\/li>\n<li><a href=\"https:\/\/www.fiala.de?s=Zulassungsfreie+T%C3%A4tigkeiten\">Activities not subject to authorisation<\/a><\/li>\n<\/ul>\t\t\t\t\t\t\t\t<\/div>\n\t\t\t\t<\/div>\n\t\t\t\t<\/div>\n\t\t\t\t\t<\/div>\n\t\t\t\t<\/div>\n\t\t\t\t<\/div>\n\t\t","protected":false},"excerpt":{"rendered":"<p>The distribution right as a framework for determining sales In a world oriented towards sales and distribution, with internationally organized markets and global exchange of goods, the distribution law forms the legal framework for regulating the distribution of goods at the national and international level. The distribution law does not describe a \u201cset of legal [&hellip;]<\/p>\n","protected":false},"author":3,"featured_media":15349,"parent":15394,"menu_order":0,"comment_status":"closed","ping_status":"closed","template":"","meta":{"_acf_changed":false,"inline_featured_image":false,"footnotes":""},"categories":[490],"tags":[],"class_list":["post-15991","page","type-page","status-publish","has-post-thumbnail","hentry","category-category-fields-of-law"],"acf":[],"_links":{"self":[{"href":"https:\/\/www.fiala.de\/en\/wp-json\/wp\/v2\/pages\/15991","targetHints":{"allow":["GET"]}}],"collection":[{"href":"https:\/\/www.fiala.de\/en\/wp-json\/wp\/v2\/pages"}],"about":[{"href":"https:\/\/www.fiala.de\/en\/wp-json\/wp\/v2\/types\/page"}],"author":[{"embeddable":true,"href":"https:\/\/www.fiala.de\/en\/wp-json\/wp\/v2\/users\/3"}],"replies":[{"embeddable":true,"href":"https:\/\/www.fiala.de\/en\/wp-json\/wp\/v2\/comments?post=15991"}],"version-history":[{"count":5,"href":"https:\/\/www.fiala.de\/en\/wp-json\/wp\/v2\/pages\/15991\/revisions"}],"predecessor-version":[{"id":27759,"href":"https:\/\/www.fiala.de\/en\/wp-json\/wp\/v2\/pages\/15991\/revisions\/27759"}],"up":[{"embeddable":true,"href":"https:\/\/www.fiala.de\/en\/wp-json\/wp\/v2\/pages\/15394"}],"wp:featuredmedia":[{"embeddable":true,"href":"https:\/\/www.fiala.de\/en\/wp-json\/wp\/v2\/media\/15349"}],"wp:attachment":[{"href":"https:\/\/www.fiala.de\/en\/wp-json\/wp\/v2\/media?parent=15991"}],"wp:term":[{"taxonomy":"category","embeddable":true,"href":"https:\/\/www.fiala.de\/en\/wp-json\/wp\/v2\/categories?post=15991"},{"taxonomy":"post_tag","embeddable":true,"href":"https:\/\/www.fiala.de\/en\/wp-json\/wp\/v2\/tags?post=15991"}],"curies":[{"name":"wp","href":"https:\/\/api.w.org\/{rel}","templated":true}]}}