{"id":15993,"date":"2020-11-05T10:06:58","date_gmt":"2020-11-05T09:06:58","guid":{"rendered":"https:\/\/fiala.de\/lawyer-for-investment-law-in-munich\/"},"modified":"2024-10-24T16:23:08","modified_gmt":"2024-10-24T14:23:08","slug":"lawyer-for-investment-law-in-munich","status":"publish","type":"page","link":"https:\/\/www.fiala.de\/en\/fields-of-law\/lawyer-for-investment-law-in-munich\/","title":{"rendered":"Lawyer for investment law in Munich"},"content":{"rendered":"\t\t<div data-elementor-type=\"wp-page\" data-elementor-id=\"15993\" class=\"elementor elementor-15993 elementor-14109\" data-elementor-post-type=\"page\">\n\t\t\t\t<div class=\"elementor-element elementor-element-dd31967 e-flex e-con-boxed e-con e-parent\" data-id=\"dd31967\" data-element_type=\"container\" data-e-type=\"container\">\n\t\t\t\t\t<div class=\"e-con-inner\">\n\t\t\t\t<div class=\"elementor-element elementor-element-8bc174d elementor-widget elementor-widget-heading\" data-id=\"8bc174d\" data-element_type=\"widget\" data-e-type=\"widget\" data-widget_type=\"heading.default\">\n\t\t\t\t<div class=\"elementor-widget-container\">\n\t\t\t\t\t<h2 class=\"elementor-heading-title elementor-size-default\">Investment law: Ask at the right time<\/h2>\t\t\t\t<\/div>\n\t\t\t\t<\/div>\n\t\t\t\t<div class=\"elementor-element elementor-element-3e1da11 elementor-widget elementor-widget-text-editor\" data-id=\"3e1da11\" data-element_type=\"widget\" data-e-type=\"widget\" data-widget_type=\"text-editor.default\">\n\t\t\t\t<div class=\"elementor-widget-container\">\n\t\t\t\t\t\t\t\t\t<p>The <strong>investor protector <\/strong>Heinz Gerlach (*1945, +2010) once said that the typical investor at the regulars&#8217; table only has three questions:<\/p>\n<p>First question: The investor waves various prospectus documents around and asks <strong>\u2018Is this anything?\u2019<\/strong><br \/>Second question: <strong>\u2018And what&#8217;s the best one?\u2019<\/strong><br \/>Third question (usually after months or years): <strong>\u2018What&#8217;s the best way to get out of this now?\u2019<\/strong><\/p>\n<p>To put this short anecdote in a nutshell for you: <strong>Many investments do not deliver what you promise<\/strong>. Capital and financial investments are usually <strong>highly complex products<\/strong> that require an enormous amount of explanation for investors.<br \/>As is so often the case, the real problem lies not in the <strong>investment<\/strong> products themselves, but in the fact that investors rarely scrutinise or even scrutinise the <strong>countless investment products<\/strong>. Glossy brochures such as <strong>convincing financial advisors <\/strong> and <strong>brokers <\/strong> often deceive about the actual potential of a <strong>money investment <\/strong>way.<\/p>\n<p>The disadvantages of a financial investment or <strong>eventual risks<\/strong> are often neglected or dismissed as unlikely during a consultation. The <strong>distribution of investments<\/strong> is a flourishing business that is determined by commissions and deals. Most investment products bind their investors for many years and often make an exit from the chosen financial product difficult or even impossible. Another aspect that is often overlooked by investors is no less serious: not every investment is suitable for every <strong>type of investor <\/strong>. The offer is overwhelming and mostly opaque for people from outside the industry. So ask in good time before you decide on a capital investment.<br \/><strong>We will be happy to advise you!<\/strong><\/p>\n\t\t\t\t\t\t\t\t<\/div>\n\t\t\t\t<\/div>\n\t\t\t\t\t<\/div>\n\t\t\t\t<\/div>\n\t\t<div class=\"elementor-element elementor-element-dcae2ed e-flex e-con-boxed e-con e-parent\" data-id=\"dcae2ed\" data-element_type=\"container\" data-e-type=\"container\">\n\t\t\t\t\t<div class=\"e-con-inner\">\n\t\t\t\t<div class=\"elementor-element elementor-element-90791a7 elementor-widget elementor-widget-heading\" data-id=\"90791a7\" data-element_type=\"widget\" data-e-type=\"widget\" data-widget_type=\"heading.default\">\n\t\t\t\t<div class=\"elementor-widget-container\">\n\t\t\t\t\t<h2 class=\"elementor-heading-title elementor-size-default\">How we support you as a lawyer in investment law<\/h2>\t\t\t\t<\/div>\n\t\t\t\t<\/div>\n\t\t\t\t<div class=\"elementor-element elementor-element-7ca7fc5 elementor-widget elementor-widget-text-editor\" data-id=\"7ca7fc5\" data-element_type=\"widget\" data-e-type=\"widget\" data-widget_type=\"text-editor.default\">\n\t\t\t\t<div class=\"elementor-widget-container\">\n\t\t\t\t\t\t\t\t\t<ul>\n \t<li>Comparison of <strong>investments and insurance offers <\/strong> <\/li>\n \t<li>Advice on the <strong>selection of a suitable bank and\/or insurer<\/strong><\/li>\n \t<li>Support in the selection of a <strong>asset manager <\/strong>(so-called Beaty contest)<\/li>\n \t<li>Support in the selection of a <strong>protector<\/strong> to protect your interests<\/li>\n \t<li>Review of so-called <strong>prospectus reports<\/strong><\/li>\n \t<li>Analysis of <strong>tax reports<\/strong> on investment models<\/li>\n \t<li>Advice on minimising <strong>losses on capital investment<\/strong><\/li>\n<\/ul>\t\t\t\t\t\t\t\t<\/div>\n\t\t\t\t<\/div>\n\t\t\t\t\t<\/div>\n\t\t\t\t<\/div>\n\t\t<div class=\"elementor-element elementor-element-3e108f8 e-flex e-con-boxed e-con e-parent\" data-id=\"3e108f8\" data-element_type=\"container\" data-e-type=\"container\">\n\t\t\t\t\t<div class=\"e-con-inner\">\n\t\t\t\t<div class=\"elementor-element elementor-element-819fe90 elementor-widget elementor-widget-heading\" data-id=\"819fe90\" data-element_type=\"widget\" data-e-type=\"widget\" data-widget_type=\"heading.default\">\n\t\t\t\t<div class=\"elementor-widget-container\">\n\t\t\t\t\t<h2 class=\"elementor-heading-title elementor-size-default\">What to do if you have been cheated or deceived as an investor<\/h2>\t\t\t\t<\/div>\n\t\t\t\t<\/div>\n\t\t\t\t<div class=\"elementor-element elementor-element-9d62be4 elementor-widget elementor-widget-text-editor\" data-id=\"9d62be4\" data-element_type=\"widget\" data-e-type=\"widget\" data-widget_type=\"text-editor.default\">\n\t\t\t\t<div class=\"elementor-widget-container\">\n\t\t\t\t\t\t\t\t\t<p>You are an investor and feel deprived of your investment? You were promised more by your <strong>financial advisor <\/strong>or <strong>intermediary <\/strong>? Do not simply accept your losses. They usually have a good chance of redress from those responsible. <br \/>The distribution of a financial product involves a number of different actors who can potentially be held liable. In addition to the financing bank, <strong>trustees, consultants, agents, notaries, property developers, rent guarantors, initiators, and structural sales organizations<\/strong> are also possible for the assertion of your legal claim. Often the possibility is also overlooked that those involved in the <strong>prospectus preparation may be held liable if the prospectus is incorrect or misleading.<\/strong> Thus, the circle of potentially liable persons extends to, for example, <strong>lawyers, tax consultants, auditors<\/strong> and <strong>engineers<\/strong>.<\/p>\n\t\t\t\t\t\t\t\t<\/div>\n\t\t\t\t<\/div>\n\t\t\t\t\t<\/div>\n\t\t\t\t<\/div>\n\t\t<div class=\"elementor-element elementor-element-8645673 e-flex e-con-boxed e-con e-parent\" data-id=\"8645673\" data-element_type=\"container\" data-e-type=\"container\">\n\t\t\t\t\t<div class=\"e-con-inner\">\n\t\t\t\t<div class=\"elementor-element elementor-element-c65bc01 elementor-widget elementor-widget-heading\" data-id=\"c65bc01\" data-element_type=\"widget\" data-e-type=\"widget\" data-widget_type=\"heading.default\">\n\t\t\t\t<div class=\"elementor-widget-container\">\n\t\t\t\t\t<h2 class=\"elementor-heading-title elementor-size-default\">As a lawyer specialising in investment law, we support you as follows<\/h2>\t\t\t\t<\/div>\n\t\t\t\t<\/div>\n\t\t\t\t<div class=\"elementor-element elementor-element-6d7fbb0 elementor-widget elementor-widget-text-editor\" data-id=\"6d7fbb0\" data-element_type=\"widget\" data-e-type=\"widget\" data-widget_type=\"text-editor.default\">\n\t\t\t\t<div class=\"elementor-widget-container\">\n\t\t\t\t\t\t\t\t\t<ul>\n \t<li><strong>Comprehensive analysis<\/strong> of all documents relating to the investment concerned <strong> <\/strong><\/li>\n \t<li>Expert assessment of the <strong>actual situation<\/strong><\/li>\n \t<li>Provision of <strong>solution approaches<\/strong> for a strategic and tactical approach<\/li>\n \t<li>Examination of claims for damages<\/li>\n \t<li>Litigation for the enforcement of damages and rescission<\/li>\n \t<li>Design and testing of models for asset protection in old-age provision <strong>(&#8220;Asset-Protection&#8221;)<\/strong><\/li>\n \t<li><strong>Redevelopment of investments<\/strong> in case of imbalance<\/li>\n<\/ul>\t\t\t\t\t\t\t\t<\/div>\n\t\t\t\t<\/div>\n\t\t\t\t\t<\/div>\n\t\t\t\t<\/div>\n\t\t<div class=\"elementor-element elementor-element-3aef53a e-flex e-con-boxed e-con e-parent\" data-id=\"3aef53a\" data-element_type=\"container\" data-e-type=\"container\">\n\t\t\t\t\t<div class=\"e-con-inner\">\n\t\t\t\t<div class=\"elementor-element elementor-element-f0f6c12 elementor-widget elementor-widget-heading\" data-id=\"f0f6c12\" data-element_type=\"widget\" data-e-type=\"widget\" data-widget_type=\"heading.default\">\n\t\t\t\t<div class=\"elementor-widget-container\">\n\t\t\t\t\t<h2 class=\"elementor-heading-title elementor-size-default\">Helpful further articles on the topic of capital investment<\/h2>\t\t\t\t<\/div>\n\t\t\t\t<\/div>\n\t\t\t\t<div class=\"elementor-element elementor-element-3472e33 elementor-widget elementor-widget-text-editor\" data-id=\"3472e33\" data-element_type=\"widget\" data-e-type=\"widget\" data-widget_type=\"text-editor.default\">\n\t\t\t\t<div class=\"elementor-widget-container\">\n\t\t\t\t\t\t\t\t\t<ul>\n<li><a href=\"https:\/\/www.fiala.de\/en\/investment-fraud-in-the-billions-according-to-%c2%a7-264-stgb\/\" target=\"_blank\" rel=\"noopener\">Investment fraud in the billions according to \u00a7 264 StGB<\/a><\/li>\n<li><a href=\"https:\/\/www.fiala.de\/en\/optimal-revocation-for-credit-capital-investment-and-insurance\/\" target=\"_blank\" rel=\"noopener\">Optimal revocation for credit, capital investment and insurance<\/a><\/li>\n<li><a href=\"https:\/\/www.fiala.de\/en\/capital-investments-as-modified-fastball-systems-tax-liability-despite-total-loss\/\" target=\"_blank\" rel=\"noopener\">Kapitalanlagen als modifizierte Schnellball-Systeme \u2013 Steuerhaftung trotz Totalverlust<\/a><\/li>\n<\/ul>\t\t\t\t\t\t\t\t<\/div>\n\t\t\t\t<\/div>\n\t\t<div class=\"elementor-element elementor-element-ccddffe e-con-full e-flex e-con e-child\" data-id=\"ccddffe\" data-element_type=\"container\" data-e-type=\"container\">\n\t\t\t\t<div class=\"elementor-element elementor-element-622963b elementor-widget elementor-widget-template\" data-id=\"622963b\" data-element_type=\"widget\" data-e-type=\"widget\" data-widget_type=\"template.default\">\n\t\t\t\t<div class=\"elementor-widget-container\">\n\t\t\t\t\t\t\t<div class=\"elementor-template\">\n\t\t\t\t\t<div data-elementor-type=\"container\" data-elementor-id=\"27699\" class=\"elementor elementor-27699\" data-elementor-post-type=\"elementor_library\">\n\t\t\t\t<div class=\"elementor-element elementor-element-2fe1e89 e-con-full advanced-contact-horz__inner e-flex e-con e-child\" data-id=\"2fe1e89\" data-element_type=\"container\" data-e-type=\"container\" data-settings=\"{&quot;background_background&quot;:&quot;classic&quot;}\">\n\t\t<div class=\"elementor-element elementor-element-976a62b e-con-full e-flex e-con e-child\" data-id=\"976a62b\" data-element_type=\"container\" data-e-type=\"container\" data-settings=\"{&quot;background_background&quot;:&quot;gradient&quot;}\">\n\t\t<div class=\"elementor-element elementor-element-43fa846 e-con-full e-flex e-con e-child\" data-id=\"43fa846\" data-element_type=\"container\" data-e-type=\"container\">\n\t\t<div class=\"elementor-element elementor-element-345356e e-con-full e-flex e-con e-child\" data-id=\"345356e\" data-element_type=\"container\" data-e-type=\"container\">\n\t\t\t\t<div class=\"elementor-element elementor-element-891a08c elementor-widget elementor-widget-heading\" data-id=\"891a08c\" data-element_type=\"widget\" data-e-type=\"widget\" data-widget_type=\"heading.default\">\n\t\t\t\t<div class=\"elementor-widget-container\">\n\t\t\t\t\t<h2 class=\"elementor-heading-title elementor-size-default\">Sie haben Fragen?<\/h2>\t\t\t\t<\/div>\n\t\t\t\t<\/div>\n\t\t\t\t<div class=\"elementor-element elementor-element-5d564e1 elementor-widget elementor-widget-text-editor\" data-id=\"5d564e1\" data-element_type=\"widget\" data-e-type=\"widget\" data-widget_type=\"text-editor.default\">\n\t\t\t\t<div class=\"elementor-widget-container\">\n\t\t\t\t\t\t\t\t\t<p>Scheuen Sie sich nicht, uns f\u00fcr ein Kennenlern&shy;gespr\u00e4ch anzurufen. Gerne nehme ich mir pers\u00f6nlich Zeit, um Ihren Fall zu pr\u00fcfen und den ungef\u00e4hren Aufwand f\u00fcr Ihr Anliegen abzusch\u00e4tzen.<\/p><p>\nDanach sind Sie schon einen Schritt weiter!<\/p><p>\nSie erreichen uns per Telefon unter der Nummer\u00a0<a href=\"tel:0891790900\" target=\"_blank\" rel=\"noopener\">089 \/ 17 90 900<\/a>\u00a0oder mit einem Klick auf den Button:<\/p>\t\t\t\t\t\t\t\t<\/div>\n\t\t\t\t<\/div>\n\t\t\t\t<div class=\"elementor-element elementor-element-0b239bb elementor-widget elementor-widget-button\" data-id=\"0b239bb\" data-element_type=\"widget\" data-e-type=\"widget\" data-widget_type=\"button.default\">\n\t\t\t\t<div class=\"elementor-widget-container\">\n\t\t\t\t\t\t\t\t\t<div class=\"elementor-button-wrapper\">\n\t\t\t\t\t<a class=\"elementor-button elementor-button-link elementor-size-sm\" href=\"tel:0891790900\">\n\t\t\t\t\t\t<span class=\"elementor-button-content-wrapper\">\n\t\t\t\t\t\t<span class=\"elementor-button-icon\">\n\t\t\t\t<svg aria-hidden=\"true\" class=\"e-font-icon-svg e-fas-phone-volume\" viewBox=\"0 0 384 512\" xmlns=\"http:\/\/www.w3.org\/2000\/svg\"><path d=\"M97.333 506.966c-129.874-129.874-129.681-340.252 0-469.933 5.698-5.698 14.527-6.632 21.263-2.422l64.817 40.513a17.187 17.187 0 0 1 6.849 20.958l-32.408 81.021a17.188 17.188 0 0 1-17.669 10.719l-55.81-5.58c-21.051 58.261-20.612 122.471 0 179.515l55.811-5.581a17.188 17.188 0 0 1 17.669 10.719l32.408 81.022a17.188 17.188 0 0 1-6.849 20.958l-64.817 40.513a17.19 17.19 0 0 1-21.264-2.422zM247.126 95.473c11.832 20.047 11.832 45.008 0 65.055-3.95 6.693-13.108 7.959-18.718 2.581l-5.975-5.726c-3.911-3.748-4.793-9.622-2.261-14.41a32.063 32.063 0 0 0 0-29.945c-2.533-4.788-1.65-10.662 2.261-14.41l5.975-5.726c5.61-5.378 14.768-4.112 18.718 2.581zm91.787-91.187c60.14 71.604 60.092 175.882 0 247.428-4.474 5.327-12.53 5.746-17.552.933l-5.798-5.557c-4.56-4.371-4.977-11.529-.93-16.379 49.687-59.538 49.646-145.933 0-205.422-4.047-4.85-3.631-12.008.93-16.379l5.798-5.557c5.022-4.813 13.078-4.394 17.552.933zm-45.972 44.941c36.05 46.322 36.108 111.149 0 157.546-4.39 5.641-12.697 6.251-17.856 1.304l-5.818-5.579c-4.4-4.219-4.998-11.095-1.285-15.931 26.536-34.564 26.534-82.572 0-117.134-3.713-4.836-3.115-11.711 1.285-15.931l5.818-5.579c5.159-4.947 13.466-4.337 17.856 1.304z\"><\/path><\/svg>\t\t\t<\/span>\n\t\t\t\t\t\t\t\t\t<span class=\"elementor-button-text\">Anruf starten<\/span>\n\t\t\t\t\t<\/span>\n\t\t\t\t\t<\/a>\n\t\t\t\t<\/div>\n\t\t\t\t\t\t\t\t<\/div>\n\t\t\t\t<\/div>\n\t\t\t\t<\/div>\n\t\t<div class=\"elementor-element elementor-element-a292c37 e-con-full e-flex e-con e-child\" data-id=\"a292c37\" data-element_type=\"container\" data-e-type=\"container\">\n\t\t<div class=\"elementor-element elementor-element-c5b33ff e-con-full e-flex e-con e-child\" data-id=\"c5b33ff\" data-element_type=\"container\" data-e-type=\"container\" data-settings=\"{&quot;background_background&quot;:&quot;classic&quot;}\">\n\t\t\t\t<div class=\"elementor-element elementor-element-d674e95 elementor-widget elementor-widget-image\" data-id=\"d674e95\" data-element_type=\"widget\" data-e-type=\"widget\" data-widget_type=\"image.default\">\n\t\t\t\t<div class=\"elementor-widget-container\">\n\t\t\t\t\t\t\t\t\t\t\t\t\t\t\t<img fetchpriority=\"high\" decoding=\"async\" width=\"392\" height=\"392\" src=\"https:\/\/www.fiala.de\/wp-content\/uploads\/2019\/12\/portrait_fiala.png\" class=\"attachment-large size-large wp-image-12460\" alt=\"Portrait Dr. Fiala\" srcset=\"https:\/\/www.fiala.de\/wp-content\/uploads\/2019\/12\/portrait_fiala.png 392w, https:\/\/www.fiala.de\/wp-content\/uploads\/2019\/12\/portrait_fiala-300x300.png 300w, https:\/\/www.fiala.de\/wp-content\/uploads\/2019\/12\/portrait_fiala-150x150.png 150w\" sizes=\"(max-width: 392px) 100vw, 392px\" loading=\"eager\" \/>\t\t\t\t\t\t\t\t\t\t\t\t\t\t\t<\/div>\n\t\t\t\t<\/div>\n\t\t\t\t<div class=\"elementor-element elementor-element-274f1b3 elementor-widget elementor-widget-heading\" data-id=\"274f1b3\" data-element_type=\"widget\" data-e-type=\"widget\" data-widget_type=\"heading.default\">\n\t\t\t\t<div class=\"elementor-widget-container\">\n\t\t\t\t\t<h3 class=\"elementor-heading-title elementor-size-default\">Dr. Johannes Fiala<\/h3>\t\t\t\t<\/div>\n\t\t\t\t<\/div>\n\t\t\t\t<div class=\"elementor-element elementor-element-d11d9bf elementor-widget elementor-widget-text-editor\" data-id=\"d11d9bf\" data-element_type=\"widget\" data-e-type=\"widget\" data-widget_type=\"text-editor.default\">\n\t\t\t\t<div class=\"elementor-widget-container\">\n\t\t\t\t\t\t\t\t\t<p>Ihr Anwalt aus M\u00fcnchen ist zuverl\u00e4ssig und kompetent immer an Ihrer Seite.\u00a0<\/p>\t\t\t\t\t\t\t\t<\/div>\n\t\t\t\t<\/div>\n\t\t\t\t<\/div>\n\t\t\t\t<\/div>\n\t\t\t\t<\/div>\n\t\t<div class=\"elementor-element elementor-element-eff947d e-con-full e-flex e-con e-child\" data-id=\"eff947d\" data-element_type=\"container\" data-e-type=\"container\">\n\t\t\t\t<div class=\"elementor-element elementor-element-dbe9d11 elementor-widget elementor-widget-text-editor\" data-id=\"dbe9d11\" data-element_type=\"widget\" data-e-type=\"widget\" data-widget_type=\"text-editor.default\">\n\t\t\t\t<div class=\"elementor-widget-container\">\n\t\t\t\t\t\t\t\t\t<p style=\"text-align: left;\">Das erste Telefonat ist ein kostenfreies Kennenlerngespr\u00e4ch. Eine eingehende Beratung ist nicht m\u00f6glich.<br \/>Sie erfahren aber was wir f\u00fcr Sie tun k\u00f6nnen und was wir von Ihnen an Informationen und Unterlagen f\u00fcr eine qualifizierte Beratung ben\u00f6tigen. Damit haben Sie zur L\u00f6sung Ihrer Angelegenheit entscheidend beigetragen.<\/p>\t\t\t\t\t\t\t\t<\/div>\n\t\t\t\t<\/div>\n\t\t\t\t<\/div>\n\t\t\t\t<\/div>\n\t\t\t\t<\/div>\n\t\t\t\t<\/div>\n\t\t\t\t<\/div>\n\t\t\t\t\t\t<\/div>\n\t\t\t\t<\/div>\n\t\t\t\t<\/div>\n\t\t\t\t\t<\/div>\n\t\t\t\t<\/div>\n\t\t<div class=\"elementor-element elementor-element-2db4fbb grey e-flex e-con-boxed e-con e-parent\" data-id=\"2db4fbb\" data-element_type=\"container\" data-e-type=\"container\">\n\t\t\t\t\t<div class=\"e-con-inner\">\n\t\t\t\t<div class=\"elementor-element elementor-element-83c56ea elementor-widget elementor-widget-heading\" data-id=\"83c56ea\" data-element_type=\"widget\" data-e-type=\"widget\" data-widget_type=\"heading.default\">\n\t\t\t\t<div class=\"elementor-widget-container\">\n\t\t\t\t\t<h2 class=\"elementor-heading-title elementor-size-default\">Press articles and publications<\/h2>\t\t\t\t<\/div>\n\t\t\t\t<\/div>\n\t\t\t\t<div class=\"elementor-element elementor-element-5958284 elementor-widget elementor-widget-text-editor\" data-id=\"5958284\" data-element_type=\"widget\" data-e-type=\"widget\" data-widget_type=\"text-editor.default\">\n\t\t\t\t<div class=\"elementor-widget-container\">\n\t\t\t\t\t\t\t\t\t<p><strong>Here you will find selected technical terms. Click on a keyword You will receive corresponding press articles and publications as current search results. Please do not hesitate to contact us for further information.<\/strong><\/p>\n\t\t\t\t\t\t\t\t<\/div>\n\t\t\t\t<\/div>\n\t\t<div class=\"elementor-element elementor-element-fd3a753 e-con-full e-flex e-con e-child\" data-id=\"fd3a753\" data-element_type=\"container\" data-e-type=\"container\">\n\t\t\t\t<div class=\"elementor-element elementor-element-7682a56 elementor-widget__width-initial elementor-widget elementor-widget-text-editor\" data-id=\"7682a56\" data-element_type=\"widget\" data-e-type=\"widget\" data-widget_type=\"text-editor.default\">\n\t\t\t\t<div class=\"elementor-widget-container\">\n\t\t\t\t\t\t\t\t\t<ul>\n \t<li><a href=\"https:\/\/www.fiala.de?s=Absolute+Return+Fonds\">Absolute Return Funds<\/a><\/li>\n \t<li><a href=\"https:\/\/www.fiala.de?s=Altersvorsorgekonto\">Pension provision account<\/a><\/li>\n \t<li><a href=\"https:\/\/www.fiala.de?s=Anlageberatung\">Investment advice<\/a><\/li>\n \t<li><a href=\"https:\/\/www.fiala.de?s=Anlageschaden\">Investment damage<\/a><\/li>\n \t<li><a href=\"https:\/\/www.fiala.de?s=Anlegerschaden\">Investor Loss<\/a><\/li>\n \t<li><a href=\"https:\/\/www.fiala.de?s=Anlegergerechte+Beratung\">Investor-oriented advice<\/a><\/li>\n \t<li><a href=\"https:\/\/www.fiala.de?s=Bautr%C3%A4ger\">Developer<\/a><\/li>\n \t<li><a href=\"https:\/\/www.fiala.de?s=Beraterhaftung\">Consultant liability<\/a><\/li>\n \t<li><a href=\"https:\/\/www.fiala.de?s=Bond-Urteil\">Bond judgement<\/a><\/li>\n \t<li><a href=\"https:\/\/www.fiala.de?s=Derivate\">Derivatives<\/a><\/li>\n \t<li><a href=\"https:\/\/www.fiala.de?s=Edelmetalle\">Precious metals<\/a><\/li>\n \t<li><a href=\"https:\/\/www.fiala.de?s=Family+Office\">family office<\/a><\/li>\n \t<li><a href=\"https:\/\/www.fiala.de?s=Fehlbewertung\">Incorrect evaluation<\/a><\/li>\n \t<li><a href=\"https:\/\/www.fiala.de?s=Filmfonds\">Film Fund<\/a><\/li>\n \t<li><a href=\"https:\/\/www.fiala.de?s=Flugzeugfonds\">Aircraft Fund<\/a><\/li>\n \t<li><a href=\"https:\/\/www.fiala.de?s=Finanzwette\">Financial bet<\/a><\/li>\n \t<li><a href=\"https:\/\/www.fiala.de?s=Garantieprodukte\">Guarantee products<\/a><\/li>\n \t<li><a href=\"https:\/\/www.fiala.de?s=Genossenschaftsanteil\">Cooperative share<\/a><\/li>\n \t<li><a href=\"https:\/\/www.fiala.de?s=Geschlossene+Beteiligung\">Closed participation<\/a><\/li>\n \t<li><a href=\"https:\/\/www.fiala.de?s=Gold\">Gold<\/a><\/li>\n \t<li><a href=\"https:\/\/www.fiala.de?s=Hebelgesch%C3%A4fte\">Leverage transactions<\/a><\/li>\n \t<li><a href=\"https:\/\/www.fiala.de?s=Honorarberatung\">Fee consulting<\/a><\/li>\n \t<li><a href=\"https:\/\/www.fiala.de?s=Immobilienfonds\">Real estate fund<\/a><\/li>\n \t<li><a href=\"https:\/\/www.fiala.de?s=Investmentfonds\">Investment funds<\/a><\/li>\n \t<li><a href=\"https:\/\/www.fiala.de?s=Kapitalanlageschaden\">Investment loss<\/a><\/li>\n<\/ul>\t\t\t\t\t\t\t\t<\/div>\n\t\t\t\t<\/div>\n\t\t\t\t<div class=\"elementor-element elementor-element-767f35f elementor-widget elementor-widget-text-editor\" data-id=\"767f35f\" data-element_type=\"widget\" data-e-type=\"widget\" data-widget_type=\"text-editor.default\">\n\t\t\t\t<div class=\"elementor-widget-container\">\n\t\t\t\t\t\t\t\t\t<ul>\n \t<li><a href=\"https:\/\/www.fiala.de?s=Kapitalgarantie\">Capital Guarantee<\/a><\/li>\n \t<li><a href=\"https:\/\/www.fiala.de?s=Lebensversicherungsfonds\">Life Insurance Fund<\/a><\/li>\n \t<li><a href=\"https:\/\/www.fiala.de?s=Objektgerechte+Beratung\">Object oriented consulting<\/a><\/li>\n \t<li><a href=\"https:\/\/www.fiala.de?s=Offene+Investmentfonds\">Open-ended investment funds<\/a><\/li>\n \t<li><a href=\"https:\/\/www.fiala.de?s=Optionen\">Options<\/a><\/li>\n \t<li><a href=\"https:\/\/www.fiala.de?s=Prospekthaftung\">Prospectus liability<\/a><\/li>\n \t<li><a href=\"https:\/\/www.fiala.de?s=Prospektpr%C3%BCfung\">Prospectus review<\/a><\/li>\n \t<li><a href=\"https:\/\/www.fiala.de?s=Schiffsfonds\">Ship funds<\/a><\/li>\n \t<li><a href=\"https:\/\/www.fiala.de?s=Schneeballsystem\">Snowball system<\/a><\/li>\n \t<li><a href=\"https:\/\/www.fiala.de?s=Schrottimmobilie\">Scrap property<\/a><\/li>\n \t<li><a href=\"https:\/\/www.fiala.de?s=Schulungshaftung\">Training liability<\/a><\/li>\n \t<li><a href=\"https:\/\/www.fiala.de?s=Sparbucheffekt\">Savings book effect<\/a><\/li>\n \t<li><a href=\"https:\/\/www.fiala.de?s=Strukturierte+Produkte\">Structured products<\/a><\/li>\n \t<li><a href=\"https:\/\/www.fiala.de?s=Strukturvertrieb\">Structured distribution<\/a><\/li>\n \t<li><a href=\"https:\/\/www.fiala.de?s=Unternehmensbeteiligung\">Company participation<\/a><\/li>\n \t<li><a href=\"https:\/\/www.fiala.de?s=Verkehrswert\">Market value<\/a><\/li>\n \t<li><a href=\"https:\/\/www.fiala.de?s=Verlustrisiko\">Risk of loss<\/a><\/li>\n \t<li><a href=\"https:\/\/www.fiala.de?s=Verm%C3%B6gensberater\">Investment advisor<\/a><\/li>\n \t<li><a href=\"https:\/\/www.fiala.de?s=Verm%C3%B6gensverwalter\">Asset Manager<\/a><\/li>\n \t<li><a href=\"https:\/\/www.fiala.de?s=Verm%C3%B6gensverwaltung\">Asset Management<\/a><\/li>\n \t<li><a href=\"https:\/\/www.fiala.de?s=Vertriebshaftung\">Sales liability<\/a><\/li>\n \t<li><a href=\"https:\/\/www.fiala.de?s=Vertriebszulassung\">Sales Approval<\/a><\/li>\n \t<li><a href=\"https:\/\/www.fiala.de?s=Vermittlerhaftung\">Liability of intermediaries<\/a><\/li>\n \t<li><a href=\"https:\/\/www.fiala.de?s=Wohnungseigentum\">Condominium ownership (WEG)<\/a><\/li>\n \t<li><a href=\"https:\/\/www.fiala.de?s=Wuchergesch%C3%A4ft\">Usury Shop<\/a><\/li>\n \t<li><a href=\"https:\/\/www.fiala.de?s=Zertifikate\">Certificates<\/a><\/li>\n \t<li><a href=\"https:\/\/www.fiala.de?s=Zweitmarkt\">Secondary market<\/a><\/li>\n<\/ul>\t\t\t\t\t\t\t\t<\/div>\n\t\t\t\t<\/div>\n\t\t\t\t<\/div>\n\t\t\t\t\t<\/div>\n\t\t\t\t<\/div>\n\t\t\t\t<\/div>\n\t\t","protected":false},"excerpt":{"rendered":"<p>Investment law: Ask at the right time The investor protector Heinz Gerlach (*1945, +2010) once said that the typical investor at the regulars&#8217; table only has three questions: First question: The investor waves various prospectus documents around and asks \u2018Is this anything?\u2019Second question: \u2018And what&#8217;s the best one?\u2019Third question (usually after months or years): \u2018What&#8217;s [&hellip;]<\/p>\n","protected":false},"author":3,"featured_media":15328,"parent":15394,"menu_order":0,"comment_status":"closed","ping_status":"closed","template":"","meta":{"_acf_changed":false,"inline_featured_image":false,"footnotes":""},"categories":[490],"tags":[],"class_list":["post-15993","page","type-page","status-publish","has-post-thumbnail","hentry","category-category-fields-of-law"],"acf":[],"_links":{"self":[{"href":"https:\/\/www.fiala.de\/en\/wp-json\/wp\/v2\/pages\/15993","targetHints":{"allow":["GET"]}}],"collection":[{"href":"https:\/\/www.fiala.de\/en\/wp-json\/wp\/v2\/pages"}],"about":[{"href":"https:\/\/www.fiala.de\/en\/wp-json\/wp\/v2\/types\/page"}],"author":[{"embeddable":true,"href":"https:\/\/www.fiala.de\/en\/wp-json\/wp\/v2\/users\/3"}],"replies":[{"embeddable":true,"href":"https:\/\/www.fiala.de\/en\/wp-json\/wp\/v2\/comments?post=15993"}],"version-history":[{"count":5,"href":"https:\/\/www.fiala.de\/en\/wp-json\/wp\/v2\/pages\/15993\/revisions"}],"predecessor-version":[{"id":27735,"href":"https:\/\/www.fiala.de\/en\/wp-json\/wp\/v2\/pages\/15993\/revisions\/27735"}],"up":[{"embeddable":true,"href":"https:\/\/www.fiala.de\/en\/wp-json\/wp\/v2\/pages\/15394"}],"wp:featuredmedia":[{"embeddable":true,"href":"https:\/\/www.fiala.de\/en\/wp-json\/wp\/v2\/media\/15328"}],"wp:attachment":[{"href":"https:\/\/www.fiala.de\/en\/wp-json\/wp\/v2\/media?parent=15993"}],"wp:term":[{"taxonomy":"category","embeddable":true,"href":"https:\/\/www.fiala.de\/en\/wp-json\/wp\/v2\/categories?post=15993"},{"taxonomy":"post_tag","embeddable":true,"href":"https:\/\/www.fiala.de\/en\/wp-json\/wp\/v2\/tags?post=15993"}],"curies":[{"name":"wp","href":"https:\/\/api.w.org\/{rel}","templated":true}]}}