{"id":15996,"date":"2020-11-24T12:24:45","date_gmt":"2020-11-24T11:24:45","guid":{"rendered":"https:\/\/fiala.de\/insolvency-law\/"},"modified":"2024-10-24T16:22:58","modified_gmt":"2024-10-24T14:22:58","slug":"insolvency-law","status":"publish","type":"page","link":"https:\/\/www.fiala.de\/en\/fields-of-law\/insolvency-law\/","title":{"rendered":"Insolvency law"},"content":{"rendered":"\t\t<div data-elementor-type=\"wp-page\" data-elementor-id=\"15996\" class=\"elementor elementor-15996 elementor-14163\" data-elementor-post-type=\"page\">\n\t\t\t\t<div class=\"elementor-element elementor-element-f9c0324 e-flex e-con-boxed e-con e-parent\" data-id=\"f9c0324\" data-element_type=\"container\" data-e-type=\"container\">\n\t\t\t\t\t<div class=\"e-con-inner\">\n\t\t\t\t<div class=\"elementor-element elementor-element-22a2b51 elementor-widget elementor-widget-heading\" data-id=\"22a2b51\" data-element_type=\"widget\" data-e-type=\"widget\" data-widget_type=\"heading.default\">\n\t\t\t\t<div class=\"elementor-widget-container\">\n\t\t\t\t\t<h2 class=\"elementor-heading-title elementor-size-default\">Insolvency is rarely a disgrace<\/h2>\t\t\t\t<\/div>\n\t\t\t\t<\/div>\n\t\t\t\t<div class=\"elementor-element elementor-element-02e960b elementor-widget elementor-widget-text-editor\" data-id=\"02e960b\" data-element_type=\"widget\" data-e-type=\"widget\" data-widget_type=\"text-editor.default\">\n\t\t\t\t<div class=\"elementor-widget-container\">\n\t\t\t\t\t\t\t\t\t<p>Insolvencies of large and small companies are almost part of the daily news agenda. Terms like<strong>insolvency practitioner<\/strong>, <strong>reorganization<\/strong>, <strong>creditor<\/strong> or <strong>insolvency proceedings<\/strong> are familiar to everyone. However, we know from practice in our firm that very few people are aware of the exact meaning of a <strong>insolvency<\/strong> or <strong>insolvency proceeding<\/strong>. The general view is that insolvency always means the end of a <strong>business<\/strong> or <strong>private existence<\/strong>. The <strong>opportunities<\/strong> to recognize a <strong>threatening insolvency<\/strong> as such and to <strong>proactively<\/strong> react are often misjudged here. The term has too negative an connotation, especially in German-speaking countries. Therefore, it should be clarified at this point what insolvency means in the first place.<\/p>\n<p>Basically, insolvency is a <strong>threatening<\/strong> or already <strong>real insolvency<\/strong> of a business or individual. This means that <strong>financial obligations<\/strong> can either already or in the foreseeable future no longer be met from own resources or that there is <strong>overindebtedness<\/strong>. If this case has occurred, it is advisable for both <strong>entrepreneurs<\/strong> and<strong> private individuals<\/strong> to file a petition for insolvency with the respective <strong>insolvency court<\/strong>. It is advisable to seek <strong>legal help<\/strong> and advice <strong style=\"text-decoration: underline;\">in good time<\/strong> in order to avoid <strong>omissions<\/strong> and any <strong>suspicion of delay<\/strong>. An insolvency always offers a <strong style=\"text-decoration: underline;\">chance<\/strong> for a <strong>orderly new start<\/strong> and should always be accompanied in a planned and systematic manner.<\/p>\n<p>Basically, the <strong>insolvency law in Germany<\/strong> aims to support the <strong>insolvent debtor<\/strong> in reorganising his company or the <strong>private financial livelihood<\/strong> of individuals and, as it were, to meet the demands of the various <strong>debtors<\/strong>.<\/p>\n<p>In the <strong>event of insolvency<\/strong>, it is therefore important to keep a clear head and act prudently. In both <strong>business and personal insolvencies<\/strong>, it is necessary to clarify which <strong>reorganization measures<\/strong> are appropriate and whether <strong>tax measures<\/strong> would contribute to the reorganization.<\/p>\n<p>In the event of a <strong>liquidation,<\/strong>also<strong> liquidation,<\/strong> the Fiala law firm will settle all claims against creditors for you and represent you in court.<\/p>\n<p>In addition, we advise our clients on all relevant issues relating to corporate and private insolvencies. <\/p>\t\t\t\t\t\t\t\t<\/div>\n\t\t\t\t<\/div>\n\t\t\t\t\t<\/div>\n\t\t\t\t<\/div>\n\t\t<div class=\"elementor-element elementor-element-e64cab9 e-flex e-con-boxed e-con e-parent\" data-id=\"e64cab9\" data-element_type=\"container\" data-e-type=\"container\">\n\t\t\t\t\t<div class=\"e-con-inner\">\n\t\t\t\t<div class=\"elementor-element elementor-element-634fb1e elementor-widget elementor-widget-heading\" data-id=\"634fb1e\" data-element_type=\"widget\" data-e-type=\"widget\" data-widget_type=\"heading.default\">\n\t\t\t\t<div class=\"elementor-widget-container\">\n\t\t\t\t\t<h3 class=\"elementor-heading-title elementor-size-default\">For our clients we are active to:<\/h3>\t\t\t\t<\/div>\n\t\t\t\t<\/div>\n\t\t\t\t<div class=\"elementor-element elementor-element-754c2ac elementor-widget elementor-widget-text-editor\" data-id=\"754c2ac\" data-element_type=\"widget\" data-e-type=\"widget\" data-widget_type=\"text-editor.default\">\n\t\t\t\t<div class=\"elementor-widget-container\">\n\t\t\t\t\t\t\t\t\t<ul>\n<li>Legal advice on the subject of impending insolvency<\/li>\n<li>Support and assistance in insolvency proceedings<\/li>\n<li>Advice on the reorganisation of companies in the context of insolvency<\/li>\n<li>Legal representation in court and vis-\u00e0-vis creditors <\/li>\n<li>Legal advice on the subject of liability and insolvency delay<\/li>\n<li>Liquidation of assets<\/li>\n<li>Asset protection and pension advice <\/li>\n<li>Asset-Protection<\/li>\n<\/ul>\n\t\t\t\t\t\t\t\t<\/div>\n\t\t\t\t<\/div>\n\t\t\t\t\t<\/div>\n\t\t\t\t<\/div>\n\t\t<div class=\"elementor-element elementor-element-19ca181 e-flex e-con-boxed e-con e-parent\" data-id=\"19ca181\" data-element_type=\"container\" data-e-type=\"container\">\n\t\t\t\t\t<div class=\"e-con-inner\">\n\t\t\t\t<div class=\"elementor-element elementor-element-f4a358b elementor-widget elementor-widget-heading\" data-id=\"f4a358b\" data-element_type=\"widget\" data-e-type=\"widget\" data-widget_type=\"heading.default\">\n\t\t\t\t<div class=\"elementor-widget-container\">\n\t\t\t\t\t<h3 class=\"elementor-heading-title elementor-size-default\">Helpful further articles on the topic of insolvency law<\/h3>\t\t\t\t<\/div>\n\t\t\t\t<\/div>\n\t\t\t\t<div class=\"elementor-element elementor-element-ae7731d elementor-widget elementor-widget-text-editor\" data-id=\"ae7731d\" data-element_type=\"widget\" data-e-type=\"widget\" data-widget_type=\"text-editor.default\">\n\t\t\t\t<div class=\"elementor-widget-container\">\n\t\t\t\t\t\t\t\t\t<ul>\n<li><a href=\"https:\/\/www.fiala.de\/en\/company-pension-scheme-company-loses-all-its-pension-assets-to-insolvency-administrator\/\" target=\"_blank\" rel=\"noopener\">Company pension scheme: Company loses all its pension assets to insolvency administrator<\/a><\/li>\n<li><a href=\"https:\/\/www.fiala.de\/en\/corona-aids-with-state-aid-in-insolvency-and-poverty-in-old-age\/\" target=\"_blank\" rel=\"noopener\">Corona aids: With state aid in insolvency and poverty in old age<\/a><\/li>\n<li><a href=\"https:\/\/www.fiala.de\/en\/insurance-benefits-and-insurance-premiums-in-the-event-of-insolvency-of-the-insurance-customer\/\" target=\"_blank\" rel=\"noopener\">Insurance benefits and insurance premiums in the event of insolvency of the insurance customer<\/a><\/li>\n<\/ul>\t\t\t\t\t\t\t\t<\/div>\n\t\t\t\t<\/div>\n\t\t<div class=\"elementor-element elementor-element-947296b e-con-full e-flex e-con e-child\" data-id=\"947296b\" data-element_type=\"container\" data-e-type=\"container\">\n\t\t\t\t<div class=\"elementor-element elementor-element-eb49015 elementor-widget elementor-widget-template\" data-id=\"eb49015\" data-element_type=\"widget\" data-e-type=\"widget\" data-widget_type=\"template.default\">\n\t\t\t\t<div class=\"elementor-widget-container\">\n\t\t\t\t\t\t\t<div class=\"elementor-template\">\n\t\t\t\t\t<div data-elementor-type=\"container\" data-elementor-id=\"27699\" class=\"elementor elementor-27699\" data-elementor-post-type=\"elementor_library\">\n\t\t\t\t<div class=\"elementor-element elementor-element-2fe1e89 e-con-full advanced-contact-horz__inner e-flex e-con e-child\" data-id=\"2fe1e89\" data-element_type=\"container\" data-e-type=\"container\" data-settings=\"{&quot;background_background&quot;:&quot;classic&quot;}\">\n\t\t<div class=\"elementor-element elementor-element-976a62b e-con-full e-flex e-con e-child\" data-id=\"976a62b\" data-element_type=\"container\" data-e-type=\"container\" data-settings=\"{&quot;background_background&quot;:&quot;gradient&quot;}\">\n\t\t<div class=\"elementor-element elementor-element-43fa846 e-con-full e-flex e-con e-child\" data-id=\"43fa846\" data-element_type=\"container\" data-e-type=\"container\">\n\t\t<div class=\"elementor-element elementor-element-345356e e-con-full e-flex e-con e-child\" data-id=\"345356e\" data-element_type=\"container\" data-e-type=\"container\">\n\t\t\t\t<div class=\"elementor-element elementor-element-891a08c elementor-widget elementor-widget-heading\" data-id=\"891a08c\" data-element_type=\"widget\" data-e-type=\"widget\" data-widget_type=\"heading.default\">\n\t\t\t\t<div class=\"elementor-widget-container\">\n\t\t\t\t\t<h2 class=\"elementor-heading-title elementor-size-default\">Sie haben Fragen?<\/h2>\t\t\t\t<\/div>\n\t\t\t\t<\/div>\n\t\t\t\t<div class=\"elementor-element elementor-element-5d564e1 elementor-widget elementor-widget-text-editor\" data-id=\"5d564e1\" data-element_type=\"widget\" data-e-type=\"widget\" data-widget_type=\"text-editor.default\">\n\t\t\t\t<div class=\"elementor-widget-container\">\n\t\t\t\t\t\t\t\t\t<p>Scheuen Sie sich nicht, uns f\u00fcr ein Kennenlern&shy;gespr\u00e4ch anzurufen. Gerne nehme ich mir pers\u00f6nlich Zeit, um Ihren Fall zu pr\u00fcfen und den ungef\u00e4hren Aufwand f\u00fcr Ihr Anliegen abzusch\u00e4tzen.<\/p><p>\nDanach sind Sie schon einen Schritt weiter!<\/p><p>\nSie erreichen uns per Telefon unter der Nummer\u00a0<a href=\"tel:0891790900\" target=\"_blank\" rel=\"noopener\">089 \/ 17 90 900<\/a>\u00a0oder mit einem Klick auf den Button:<\/p>\t\t\t\t\t\t\t\t<\/div>\n\t\t\t\t<\/div>\n\t\t\t\t<div class=\"elementor-element elementor-element-0b239bb elementor-widget elementor-widget-button\" data-id=\"0b239bb\" data-element_type=\"widget\" data-e-type=\"widget\" data-widget_type=\"button.default\">\n\t\t\t\t<div class=\"elementor-widget-container\">\n\t\t\t\t\t\t\t\t\t<div class=\"elementor-button-wrapper\">\n\t\t\t\t\t<a class=\"elementor-button elementor-button-link elementor-size-sm\" href=\"tel:0891790900\">\n\t\t\t\t\t\t<span class=\"elementor-button-content-wrapper\">\n\t\t\t\t\t\t<span class=\"elementor-button-icon\">\n\t\t\t\t<svg aria-hidden=\"true\" class=\"e-font-icon-svg e-fas-phone-volume\" viewBox=\"0 0 384 512\" xmlns=\"http:\/\/www.w3.org\/2000\/svg\"><path d=\"M97.333 506.966c-129.874-129.874-129.681-340.252 0-469.933 5.698-5.698 14.527-6.632 21.263-2.422l64.817 40.513a17.187 17.187 0 0 1 6.849 20.958l-32.408 81.021a17.188 17.188 0 0 1-17.669 10.719l-55.81-5.58c-21.051 58.261-20.612 122.471 0 179.515l55.811-5.581a17.188 17.188 0 0 1 17.669 10.719l32.408 81.022a17.188 17.188 0 0 1-6.849 20.958l-64.817 40.513a17.19 17.19 0 0 1-21.264-2.422zM247.126 95.473c11.832 20.047 11.832 45.008 0 65.055-3.95 6.693-13.108 7.959-18.718 2.581l-5.975-5.726c-3.911-3.748-4.793-9.622-2.261-14.41a32.063 32.063 0 0 0 0-29.945c-2.533-4.788-1.65-10.662 2.261-14.41l5.975-5.726c5.61-5.378 14.768-4.112 18.718 2.581zm91.787-91.187c60.14 71.604 60.092 175.882 0 247.428-4.474 5.327-12.53 5.746-17.552.933l-5.798-5.557c-4.56-4.371-4.977-11.529-.93-16.379 49.687-59.538 49.646-145.933 0-205.422-4.047-4.85-3.631-12.008.93-16.379l5.798-5.557c5.022-4.813 13.078-4.394 17.552.933zm-45.972 44.941c36.05 46.322 36.108 111.149 0 157.546-4.39 5.641-12.697 6.251-17.856 1.304l-5.818-5.579c-4.4-4.219-4.998-11.095-1.285-15.931 26.536-34.564 26.534-82.572 0-117.134-3.713-4.836-3.115-11.711 1.285-15.931l5.818-5.579c5.159-4.947 13.466-4.337 17.856 1.304z\"><\/path><\/svg>\t\t\t<\/span>\n\t\t\t\t\t\t\t\t\t<span class=\"elementor-button-text\">Anruf starten<\/span>\n\t\t\t\t\t<\/span>\n\t\t\t\t\t<\/a>\n\t\t\t\t<\/div>\n\t\t\t\t\t\t\t\t<\/div>\n\t\t\t\t<\/div>\n\t\t\t\t<\/div>\n\t\t<div class=\"elementor-element elementor-element-a292c37 e-con-full e-flex e-con e-child\" data-id=\"a292c37\" data-element_type=\"container\" data-e-type=\"container\">\n\t\t<div class=\"elementor-element elementor-element-c5b33ff e-con-full e-flex e-con e-child\" data-id=\"c5b33ff\" data-element_type=\"container\" data-e-type=\"container\" data-settings=\"{&quot;background_background&quot;:&quot;classic&quot;}\">\n\t\t\t\t<div class=\"elementor-element elementor-element-d674e95 elementor-widget elementor-widget-image\" data-id=\"d674e95\" data-element_type=\"widget\" data-e-type=\"widget\" data-widget_type=\"image.default\">\n\t\t\t\t<div class=\"elementor-widget-container\">\n\t\t\t\t\t\t\t\t\t\t\t\t\t\t\t<img fetchpriority=\"high\" decoding=\"async\" width=\"392\" height=\"392\" src=\"https:\/\/www.fiala.de\/wp-content\/uploads\/2019\/12\/portrait_fiala.png\" class=\"attachment-large size-large wp-image-15341\" alt=\"\" srcset=\"https:\/\/www.fiala.de\/wp-content\/uploads\/2019\/12\/portrait_fiala.png 392w, https:\/\/www.fiala.de\/wp-content\/uploads\/2019\/12\/portrait_fiala-300x300.png 300w, https:\/\/www.fiala.de\/wp-content\/uploads\/2019\/12\/portrait_fiala-150x150.png 150w\" sizes=\"(max-width: 392px) 100vw, 392px\" loading=\"eager\" \/>\t\t\t\t\t\t\t\t\t\t\t\t\t\t\t<\/div>\n\t\t\t\t<\/div>\n\t\t\t\t<div class=\"elementor-element elementor-element-274f1b3 elementor-widget elementor-widget-heading\" data-id=\"274f1b3\" data-element_type=\"widget\" data-e-type=\"widget\" data-widget_type=\"heading.default\">\n\t\t\t\t<div class=\"elementor-widget-container\">\n\t\t\t\t\t<h3 class=\"elementor-heading-title elementor-size-default\">Dr. Johannes Fiala<\/h3>\t\t\t\t<\/div>\n\t\t\t\t<\/div>\n\t\t\t\t<div class=\"elementor-element elementor-element-d11d9bf elementor-widget elementor-widget-text-editor\" data-id=\"d11d9bf\" data-element_type=\"widget\" data-e-type=\"widget\" data-widget_type=\"text-editor.default\">\n\t\t\t\t<div class=\"elementor-widget-container\">\n\t\t\t\t\t\t\t\t\t<p>Ihr Anwalt aus M\u00fcnchen ist zuverl\u00e4ssig und kompetent immer an Ihrer Seite.\u00a0<\/p>\t\t\t\t\t\t\t\t<\/div>\n\t\t\t\t<\/div>\n\t\t\t\t<\/div>\n\t\t\t\t<\/div>\n\t\t\t\t<\/div>\n\t\t<div class=\"elementor-element elementor-element-eff947d e-con-full e-flex e-con e-child\" data-id=\"eff947d\" data-element_type=\"container\" data-e-type=\"container\">\n\t\t\t\t<div class=\"elementor-element elementor-element-dbe9d11 elementor-widget elementor-widget-text-editor\" data-id=\"dbe9d11\" data-element_type=\"widget\" data-e-type=\"widget\" data-widget_type=\"text-editor.default\">\n\t\t\t\t<div class=\"elementor-widget-container\">\n\t\t\t\t\t\t\t\t\t<p style=\"text-align: left;\">Das erste Telefonat ist ein kostenfreies Kennenlerngespr\u00e4ch. Eine eingehende Beratung ist nicht m\u00f6glich.<br \/>Sie erfahren aber was wir f\u00fcr Sie tun k\u00f6nnen und was wir von Ihnen an Informationen und Unterlagen f\u00fcr eine qualifizierte Beratung ben\u00f6tigen. Damit haben Sie zur L\u00f6sung Ihrer Angelegenheit entscheidend beigetragen.<\/p>\t\t\t\t\t\t\t\t<\/div>\n\t\t\t\t<\/div>\n\t\t\t\t<\/div>\n\t\t\t\t<\/div>\n\t\t\t\t<\/div>\n\t\t\t\t<\/div>\n\t\t\t\t<\/div>\n\t\t\t\t\t\t<\/div>\n\t\t\t\t<\/div>\n\t\t\t\t<\/div>\n\t\t\t\t\t<\/div>\n\t\t\t\t<\/div>\n\t\t<div class=\"elementor-element elementor-element-d4415b7 grey e-flex e-con-boxed e-con e-parent\" data-id=\"d4415b7\" data-element_type=\"container\" data-e-type=\"container\">\n\t\t\t\t\t<div class=\"e-con-inner\">\n\t\t\t\t<div class=\"elementor-element elementor-element-07ac85e elementor-widget elementor-widget-heading\" data-id=\"07ac85e\" data-element_type=\"widget\" data-e-type=\"widget\" data-widget_type=\"heading.default\">\n\t\t\t\t<div class=\"elementor-widget-container\">\n\t\t\t\t\t<h2 class=\"elementor-heading-title elementor-size-default\">Press articles and publications<\/h2>\t\t\t\t<\/div>\n\t\t\t\t<\/div>\n\t\t\t\t<div class=\"elementor-element elementor-element-e2cd538 elementor-widget elementor-widget-text-editor\" data-id=\"e2cd538\" data-element_type=\"widget\" data-e-type=\"widget\" data-widget_type=\"text-editor.default\">\n\t\t\t\t<div class=\"elementor-widget-container\">\n\t\t\t\t\t\t\t\t\t<p><strong>Here you will find selected technical terms. Click on a keyword You will receive corresponding press articles and publications as current search results. Please do not hesitate to contact us for further information.<\/strong><\/p>\n\t\t\t\t\t\t\t\t<\/div>\n\t\t\t\t<\/div>\n\t\t<div class=\"elementor-element elementor-element-22ef87b e-con-full e-flex e-con e-child\" data-id=\"22ef87b\" data-element_type=\"container\" data-e-type=\"container\">\n\t\t\t\t<div class=\"elementor-element elementor-element-9402b7e elementor-widget__width-initial elementor-widget elementor-widget-text-editor\" data-id=\"9402b7e\" data-element_type=\"widget\" data-e-type=\"widget\" data-widget_type=\"text-editor.default\">\n\t\t\t\t<div class=\"elementor-widget-container\">\n\t\t\t\t\t\t\t\t\t<ul>\n\t<li><a href=\"https:\/\/www.fiala.de?s=Anfechtung\">Contestation<\/a><\/li>\n\t<li><a href=\"https:\/\/www.fiala.de?s=Ausland\">Foreign countries<\/a><\/li>\n\t<li><a href=\"https:\/\/www.fiala.de?s=betriebliche+Altersversorgung\">company pension scheme<\/a><\/li>\n\t<li><a href=\"https:\/\/www.fiala.de?s=Insolvenzverwalter\">Insolvenzverwalter<\/a><\/li>\n\t<li><a href=\"https:\/\/www.fiala.de?s=GGF\">GGF<\/a><\/li>\n\t<li><a href=\"https:\/\/www.fiala.de?s=Konkursprivileg\">Privilege of bankruptcy<\/a><\/li>\n\t<li><a href=\"https:\/\/www.fiala.de?s=Liquidation\">Liquidation<\/a><\/li>\n\t<li><a href=\"https:\/\/www.fiala.de?s=Liquidator\">Liquidator<\/a><\/li>\n<\/ul>\t\t\t\t\t\t\t\t<\/div>\n\t\t\t\t<\/div>\n\t\t\t\t<div class=\"elementor-element elementor-element-19f0219 elementor-widget__width-initial elementor-widget elementor-widget-text-editor\" data-id=\"19f0219\" data-element_type=\"widget\" data-e-type=\"widget\" data-widget_type=\"text-editor.default\">\n\t\t\t\t<div class=\"elementor-widget-container\">\n\t\t\t\t\t\t\t\t\t<ul>\n<li><a href=\"https:\/\/www.fiala.de?s=Pf%C3%A4ndungsschutz\">Attachment protection<\/a><\/li>\n<li><a href=\"https:\/\/www.fiala.de?s=Rechnungslegung\">Accounting<\/a><\/li>\n<li><a href=\"https:\/\/www.fiala.de?s=Restschuldbefreiung\">Residual debt discharge<\/a><\/li>\n<li><a href=\"https:\/\/www.fiala.de?s=Sanierungsberatung\">Restructuring advice<\/a><\/li>\n<li><a href=\"https:\/\/www.fiala.de?s=Verm%C3%B6gensschutz\">Verm\u00f6gensschutz<\/a><\/li>\n<li><a href=\"https:\/\/www.fiala.de?s=Zwangsverwaltung\">Receivership<\/a><\/li>\n<li><a href=\"https:\/\/www.fiala.de?s=Zwangsvollstreckung\">Foreclosure<\/a><\/li>\n<\/ul>\t\t\t\t\t\t\t\t<\/div>\n\t\t\t\t<\/div>\n\t\t\t\t<\/div>\n\t\t\t\t\t<\/div>\n\t\t\t\t<\/div>\n\t\t\t\t<\/div>\n\t\t","protected":false},"excerpt":{"rendered":"<p>Insolvency is rarely a disgrace Insolvencies of large and small companies are almost part of the daily news agenda. Terms likeinsolvency practitioner, reorganization, creditor or insolvency proceedings are familiar to everyone. However, we know from practice in our firm that very few people are aware of the exact meaning of a insolvency or insolvency proceeding. [&hellip;]<\/p>\n","protected":false},"author":3,"featured_media":15355,"parent":15394,"menu_order":0,"comment_status":"closed","ping_status":"closed","template":"","meta":{"_acf_changed":false,"inline_featured_image":false,"footnotes":""},"categories":[490],"tags":[],"class_list":["post-15996","page","type-page","status-publish","has-post-thumbnail","hentry","category-category-fields-of-law"],"acf":[],"_links":{"self":[{"href":"https:\/\/www.fiala.de\/en\/wp-json\/wp\/v2\/pages\/15996","targetHints":{"allow":["GET"]}}],"collection":[{"href":"https:\/\/www.fiala.de\/en\/wp-json\/wp\/v2\/pages"}],"about":[{"href":"https:\/\/www.fiala.de\/en\/wp-json\/wp\/v2\/types\/page"}],"author":[{"embeddable":true,"href":"https:\/\/www.fiala.de\/en\/wp-json\/wp\/v2\/users\/3"}],"replies":[{"embeddable":true,"href":"https:\/\/www.fiala.de\/en\/wp-json\/wp\/v2\/comments?post=15996"}],"version-history":[{"count":5,"href":"https:\/\/www.fiala.de\/en\/wp-json\/wp\/v2\/pages\/15996\/revisions"}],"predecessor-version":[{"id":27731,"href":"https:\/\/www.fiala.de\/en\/wp-json\/wp\/v2\/pages\/15996\/revisions\/27731"}],"up":[{"embeddable":true,"href":"https:\/\/www.fiala.de\/en\/wp-json\/wp\/v2\/pages\/15394"}],"wp:featuredmedia":[{"embeddable":true,"href":"https:\/\/www.fiala.de\/en\/wp-json\/wp\/v2\/media\/15355"}],"wp:attachment":[{"href":"https:\/\/www.fiala.de\/en\/wp-json\/wp\/v2\/media?parent=15996"}],"wp:term":[{"taxonomy":"category","embeddable":true,"href":"https:\/\/www.fiala.de\/en\/wp-json\/wp\/v2\/categories?post=15996"},{"taxonomy":"post_tag","embeddable":true,"href":"https:\/\/www.fiala.de\/en\/wp-json\/wp\/v2\/tags?post=15996"}],"curies":[{"name":"wp","href":"https:\/\/api.w.org\/{rel}","templated":true}]}}