{"id":16013,"date":"2020-11-26T10:49:10","date_gmt":"2020-11-26T09:49:10","guid":{"rendered":"https:\/\/fiala.de\/inheritance-and-pension-law-your-lawyer-for-competent-advice-in-munich\/"},"modified":"2024-10-24T16:20:46","modified_gmt":"2024-10-24T14:20:46","slug":"inheritance-and-pension-law-your-lawyer-for-competent-advice-in-munich","status":"publish","type":"page","link":"https:\/\/www.fiala.de\/en\/fields-of-law\/inheritance-and-pension-law-your-lawyer-for-competent-advice-in-munich\/","title":{"rendered":"Inheritance and pension law: Your lawyer for competent advice in Munich"},"content":{"rendered":"\t\t<div data-elementor-type=\"wp-page\" data-elementor-id=\"16013\" class=\"elementor elementor-16013 elementor-14159\" data-elementor-post-type=\"page\">\n\t\t\t\t<div class=\"elementor-element elementor-element-05bd35e e-flex e-con-boxed e-con e-parent\" data-id=\"05bd35e\" data-element_type=\"container\" data-e-type=\"container\">\n\t\t\t\t\t<div class=\"e-con-inner\">\n\t\t\t\t<div class=\"elementor-element elementor-element-71444cc elementor-widget elementor-widget-heading\" data-id=\"71444cc\" data-element_type=\"widget\" data-e-type=\"widget\" data-widget_type=\"heading.default\">\n\t\t\t\t<div class=\"elementor-widget-container\">\n\t\t\t\t\t<h2 class=\"elementor-heading-title elementor-size-default\">Inheritance law: Advice and support on inheritance<\/h2>\t\t\t\t<\/div>\n\t\t\t\t<\/div>\n\t\t\t\t<div class=\"elementor-element elementor-element-a18ffd8 elementor-widget elementor-widget-text-editor\" data-id=\"a18ffd8\" data-element_type=\"widget\" data-e-type=\"widget\" data-widget_type=\"text-editor.default\">\n\t\t\t\t<div class=\"elementor-widget-container\">\n\t\t\t\t\t\t\t\t\t<p>The subject of inheritance and bequeathing is as old as mankind itself and the subject <strong>Erbrecht<\/strong> is an extremely sensitive and <strong>complex area<\/strong>. Only a few people deal extensively with the subject of <strong>bequests<\/strong> during their lifetime and often leave their heirs more trouble than assets. Everybody knows the stories from their own family or even from their close environment, where the fight for the estate has destroyed friendships and whole families. It is generally known that &#8220;friendship&#8221; ends with the <strong>heir <\/strong> and the dear money.<\/p>\n<p>In order to prevent this from happening to our clients, we support and advise them in ensuring clear and orderly conditions for the <strong>planning of the estate<\/strong>. Appropriate precautions must be taken early and in a legally compliant manner, as it were, in the <strong>private<\/strong> as in the <strong>business environment<\/strong>. We help them to choose the right <strong>provision system<\/strong> and, together with them, design <strong>wills and inheritance contracts.<\/strong> Also<strong> entrepreneurs<\/strong> who are planning the topic of business succession, we stand by them with advice from the very beginning and plan together with them all contingencies for a regulated <strong>business succession<\/strong> or inheritance of <strong>business assets<\/strong>.<\/p>\n<p>Often clients only contact our office when there are <strong>disputes about inheritance<\/strong> regarding <strong>estate administration<\/strong>. For example, in the case of <strong>community of heirs<\/strong>, the heirs often disagree with each other, or there are no precise instructions from the bequeatherer as to how the money should be given, according to the motto &#8220;after me the Sinflut&#8221;. Furthermore, a distribution of assets beyond the <strong>obligatory portion<\/strong> is extremely difficult, especially when it comes to the <strong>benefit entitlement of life insurance policies<\/strong>. For example, different parties within a community of heirs often attempt to revoke any <strong>benefits <\/strong> in order to increase their own share. Also the personal connection to possible <strong>property<\/strong>, such as <strong>real estate<\/strong>, always offers great potential for dispute among the heirs, especially if <strong>debt<\/strong> or a <strong>payment <\/strong> of the other heirs plays a role.<\/p>\n<p>Last but not least, heirs and bequeathors should not ignore the <strong>theme of taxes<\/strong> and <strong>gift<\/strong>. We will advise you in advance and comprehensively on the subject of <strong>inheritance taxes <\/strong> at home and abroad and will also provide you with comprehensive support on this subject in the event of any problems.<\/p>\t\t\t\t\t\t\t\t<\/div>\n\t\t\t\t<\/div>\n\t\t\t\t\t<\/div>\n\t\t\t\t<\/div>\n\t\t<div class=\"elementor-element elementor-element-323dd5c e-flex e-con-boxed e-con e-parent\" data-id=\"323dd5c\" data-element_type=\"container\" data-e-type=\"container\">\n\t\t\t\t\t<div class=\"e-con-inner\">\n\t\t\t\t<div class=\"elementor-element elementor-element-9dd6ce1 elementor-widget elementor-widget-heading\" data-id=\"9dd6ce1\" data-element_type=\"widget\" data-e-type=\"widget\" data-widget_type=\"heading.default\">\n\t\t\t\t<div class=\"elementor-widget-container\">\n\t\t\t\t\t<h2 class=\"elementor-heading-title elementor-size-default\">As a lawyer for inheritance law, I support you on the subject of inheritance law and pension provision<\/h2>\t\t\t\t<\/div>\n\t\t\t\t<\/div>\n\t\t\t\t<div class=\"elementor-element elementor-element-ef8c95a elementor-widget elementor-widget-text-editor\" data-id=\"ef8c95a\" data-element_type=\"widget\" data-e-type=\"widget\" data-widget_type=\"text-editor.default\">\n\t\t\t\t<div class=\"elementor-widget-container\">\n\t\t\t\t\t\t\t\t\t<ul>\n<li>Drafting of <strong>wills<\/strong> and <strong>leave-in agreements<\/strong><\/li>\n<li>Advice and representation of <strong>heirs<\/strong><\/li>\n<li><strong>inheritance tax<\/strong>, including foreign assets<\/li>\n<li>Dealing with <strong>black money<\/strong> and <strong>mailbox companies<\/strong><\/li>\n<li><strong>Power of attorney, care order, patient will<\/strong><\/li>\n<li>Anticipated <strong>succession<\/strong>, including <strong>trust<\/strong><\/li>\n<li>Advice on<strong> business succession<\/strong><\/li>\n<li><strong>Precautionary advice<\/strong><\/li>\n<\/ul>\t\t\t\t\t\t\t\t<\/div>\n\t\t\t\t<\/div>\n\t\t\t\t\t<\/div>\n\t\t\t\t<\/div>\n\t\t<div class=\"elementor-element elementor-element-03834ce e-flex e-con-boxed e-con e-parent\" data-id=\"03834ce\" data-element_type=\"container\" data-e-type=\"container\">\n\t\t\t\t\t<div class=\"e-con-inner\">\n\t\t\t\t<div class=\"elementor-element elementor-element-97f3477 elementor-widget elementor-widget-heading\" data-id=\"97f3477\" data-element_type=\"widget\" data-e-type=\"widget\" data-widget_type=\"heading.default\">\n\t\t\t\t<div class=\"elementor-widget-container\">\n\t\t\t\t\t<h3 class=\"elementor-heading-title elementor-size-default\">Helpful further articles on the topic of inheritance law for private individuals<\/h3>\t\t\t\t<\/div>\n\t\t\t\t<\/div>\n\t\t\t\t<div class=\"elementor-element elementor-element-0bc5476 elementor-widget elementor-widget-text-editor\" data-id=\"0bc5476\" data-element_type=\"widget\" data-e-type=\"widget\" data-widget_type=\"text-editor.default\">\n\t\t\t\t<div class=\"elementor-widget-container\">\n\t\t\t\t\t\t\t\t\t<ul>\n<li>\n<p><a href=\"https:\/\/www.fiala.de\/en\/woran-ein-haus-und-wohnungseigentuemer-denken-sollte-wenn-es-um-die-regelung-von-betreuung-und-nachlass-geht\/\" target=\"_blank\" rel=\"noopener noreferrer\">Woran ein Haus- und Wohnungseigent\u00fcmer denken sollte wenn es um die Regelung von Betreuung und Nachlass geht<\/a><\/p>\n<\/li>\n<li>\n<p><a href=\"https:\/\/www.fiala.de\/en\/careful-when-passing-on-here-the-heirs-are-threatened-with-bankruptcy\/\" target=\"_blank\" rel=\"noopener noreferrer\">Careful when passing on: Here the heirs are threatened with bankruptcy!<\/a><\/p>\n<\/li>\n<li>\n<p><a href=\"https:\/\/www.fiala.de\/en\/design-tips-for-prenuptial-agreements-settlement-of-gain-and-alimony\/\" target=\"_blank\" rel=\"noopener noreferrer\">Design tips for prenuptial agreements, settlement of gain and alimony<\/a><\/p>\n<\/li>\n<\/ul>\t\t\t\t\t\t\t\t<\/div>\n\t\t\t\t<\/div>\n\t\t\t\t\t<\/div>\n\t\t\t\t<\/div>\n\t\t<div class=\"elementor-element elementor-element-0852e52 e-flex e-con-boxed e-con e-parent\" data-id=\"0852e52\" data-element_type=\"container\" data-e-type=\"container\">\n\t\t\t\t\t<div class=\"e-con-inner\">\n\t\t\t\t<div class=\"elementor-element elementor-element-2274704 elementor-widget elementor-widget-heading\" data-id=\"2274704\" data-element_type=\"widget\" data-e-type=\"widget\" data-widget_type=\"heading.default\">\n\t\t\t\t<div class=\"elementor-widget-container\">\n\t\t\t\t\t<h3 class=\"elementor-heading-title elementor-size-default\">Helpful further articles on the topic of inheritance law for entrepreneurs<\/h3>\t\t\t\t<\/div>\n\t\t\t\t<\/div>\n\t\t\t\t<div class=\"elementor-element elementor-element-df49a3e elementor-widget elementor-widget-text-editor\" data-id=\"df49a3e\" data-element_type=\"widget\" data-e-type=\"widget\" data-widget_type=\"text-editor.default\">\n\t\t\t\t<div class=\"elementor-widget-container\">\n\t\t\t\t\t\t\t\t\t<ul>\n<li>\n<p><a href=\"https:\/\/www.fiala.de\/en\/sudden-death-or-accident\/\" target=\"_blank\" rel=\"noopener noreferrer\">Sudden death or accident<\/a><\/p>\n<\/li>\n<li>\n<p><a href=\"https:\/\/www.fiala.de\/en\/asset-protection-how-millionaires-are-misled-by-financial-planners-and-consultants\/\" target=\"_blank\" rel=\"noopener noreferrer\">Asset Protection: How millionaires are misled by financial planners and consultants<\/a><\/p>\n<\/li>\n<li>\n<p><a href=\"https:\/\/www.fiala.de\/en\/foundation-as-an-alternative-for-company-succession\/\" target=\"_blank\" rel=\"noopener noreferrer\">Foundation as an alternative for company succession<\/a><\/p>\n<\/li>\n<li>\n<p><a href=\"https:\/\/www.fiala.de\/en\/money-abroad-when-world-income-and-world-assets-are-taxable-here\/\" target=\"_blank\" rel=\"noopener\">Money abroad: When world income and world assets are taxable here<\/a><\/p>\n<\/li>\n<\/ul>\t\t\t\t\t\t\t\t<\/div>\n\t\t\t\t<\/div>\n\t\t<div class=\"elementor-element elementor-element-36f7eac e-con-full e-flex e-con e-child\" data-id=\"36f7eac\" data-element_type=\"container\" data-e-type=\"container\">\n\t\t\t\t<div class=\"elementor-element elementor-element-4ef25ee elementor-widget elementor-widget-template\" data-id=\"4ef25ee\" data-element_type=\"widget\" data-e-type=\"widget\" data-widget_type=\"template.default\">\n\t\t\t\t<div class=\"elementor-widget-container\">\n\t\t\t\t\t\t\t<div class=\"elementor-template\">\n\t\t\t\t\t<div data-elementor-type=\"container\" data-elementor-id=\"27699\" class=\"elementor elementor-27699\" data-elementor-post-type=\"elementor_library\">\n\t\t\t\t<div class=\"elementor-element elementor-element-2fe1e89 e-con-full advanced-contact-horz__inner e-flex e-con e-child\" data-id=\"2fe1e89\" data-element_type=\"container\" data-e-type=\"container\" data-settings=\"{&quot;background_background&quot;:&quot;classic&quot;}\">\n\t\t<div class=\"elementor-element elementor-element-976a62b e-con-full e-flex e-con e-child\" data-id=\"976a62b\" data-element_type=\"container\" data-e-type=\"container\" data-settings=\"{&quot;background_background&quot;:&quot;gradient&quot;}\">\n\t\t<div class=\"elementor-element elementor-element-43fa846 e-con-full e-flex e-con e-child\" data-id=\"43fa846\" data-element_type=\"container\" data-e-type=\"container\">\n\t\t<div class=\"elementor-element elementor-element-345356e e-con-full e-flex e-con e-child\" data-id=\"345356e\" data-element_type=\"container\" data-e-type=\"container\">\n\t\t\t\t<div class=\"elementor-element elementor-element-891a08c elementor-widget elementor-widget-heading\" data-id=\"891a08c\" data-element_type=\"widget\" data-e-type=\"widget\" data-widget_type=\"heading.default\">\n\t\t\t\t<div class=\"elementor-widget-container\">\n\t\t\t\t\t<h2 class=\"elementor-heading-title elementor-size-default\">Sie haben Fragen?<\/h2>\t\t\t\t<\/div>\n\t\t\t\t<\/div>\n\t\t\t\t<div class=\"elementor-element elementor-element-5d564e1 elementor-widget elementor-widget-text-editor\" data-id=\"5d564e1\" data-element_type=\"widget\" data-e-type=\"widget\" data-widget_type=\"text-editor.default\">\n\t\t\t\t<div class=\"elementor-widget-container\">\n\t\t\t\t\t\t\t\t\t<p>Scheuen Sie sich nicht, uns f\u00fcr ein Kennenlern&shy;gespr\u00e4ch anzurufen. Gerne nehme ich mir pers\u00f6nlich Zeit, um Ihren Fall zu pr\u00fcfen und den ungef\u00e4hren Aufwand f\u00fcr Ihr Anliegen abzusch\u00e4tzen.<\/p><p>\nDanach sind Sie schon einen Schritt weiter!<\/p><p>\nSie erreichen uns per Telefon unter der Nummer\u00a0<a href=\"tel:0891790900\" target=\"_blank\" rel=\"noopener\">089 \/ 17 90 900<\/a>\u00a0oder mit einem Klick auf den Button:<\/p>\t\t\t\t\t\t\t\t<\/div>\n\t\t\t\t<\/div>\n\t\t\t\t<div class=\"elementor-element elementor-element-0b239bb elementor-widget elementor-widget-button\" data-id=\"0b239bb\" data-element_type=\"widget\" data-e-type=\"widget\" data-widget_type=\"button.default\">\n\t\t\t\t<div class=\"elementor-widget-container\">\n\t\t\t\t\t\t\t\t\t<div class=\"elementor-button-wrapper\">\n\t\t\t\t\t<a class=\"elementor-button elementor-button-link elementor-size-sm\" href=\"tel:0891790900\">\n\t\t\t\t\t\t<span class=\"elementor-button-content-wrapper\">\n\t\t\t\t\t\t<span class=\"elementor-button-icon\">\n\t\t\t\t<svg aria-hidden=\"true\" class=\"e-font-icon-svg e-fas-phone-volume\" viewBox=\"0 0 384 512\" xmlns=\"http:\/\/www.w3.org\/2000\/svg\"><path d=\"M97.333 506.966c-129.874-129.874-129.681-340.252 0-469.933 5.698-5.698 14.527-6.632 21.263-2.422l64.817 40.513a17.187 17.187 0 0 1 6.849 20.958l-32.408 81.021a17.188 17.188 0 0 1-17.669 10.719l-55.81-5.58c-21.051 58.261-20.612 122.471 0 179.515l55.811-5.581a17.188 17.188 0 0 1 17.669 10.719l32.408 81.022a17.188 17.188 0 0 1-6.849 20.958l-64.817 40.513a17.19 17.19 0 0 1-21.264-2.422zM247.126 95.473c11.832 20.047 11.832 45.008 0 65.055-3.95 6.693-13.108 7.959-18.718 2.581l-5.975-5.726c-3.911-3.748-4.793-9.622-2.261-14.41a32.063 32.063 0 0 0 0-29.945c-2.533-4.788-1.65-10.662 2.261-14.41l5.975-5.726c5.61-5.378 14.768-4.112 18.718 2.581zm91.787-91.187c60.14 71.604 60.092 175.882 0 247.428-4.474 5.327-12.53 5.746-17.552.933l-5.798-5.557c-4.56-4.371-4.977-11.529-.93-16.379 49.687-59.538 49.646-145.933 0-205.422-4.047-4.85-3.631-12.008.93-16.379l5.798-5.557c5.022-4.813 13.078-4.394 17.552.933zm-45.972 44.941c36.05 46.322 36.108 111.149 0 157.546-4.39 5.641-12.697 6.251-17.856 1.304l-5.818-5.579c-4.4-4.219-4.998-11.095-1.285-15.931 26.536-34.564 26.534-82.572 0-117.134-3.713-4.836-3.115-11.711 1.285-15.931l5.818-5.579c5.159-4.947 13.466-4.337 17.856 1.304z\"><\/path><\/svg>\t\t\t<\/span>\n\t\t\t\t\t\t\t\t\t<span class=\"elementor-button-text\">Anruf starten<\/span>\n\t\t\t\t\t<\/span>\n\t\t\t\t\t<\/a>\n\t\t\t\t<\/div>\n\t\t\t\t\t\t\t\t<\/div>\n\t\t\t\t<\/div>\n\t\t\t\t<\/div>\n\t\t<div class=\"elementor-element elementor-element-a292c37 e-con-full e-flex e-con e-child\" data-id=\"a292c37\" data-element_type=\"container\" data-e-type=\"container\">\n\t\t<div class=\"elementor-element elementor-element-c5b33ff e-con-full e-flex e-con e-child\" data-id=\"c5b33ff\" data-element_type=\"container\" data-e-type=\"container\" data-settings=\"{&quot;background_background&quot;:&quot;classic&quot;}\">\n\t\t\t\t<div class=\"elementor-element elementor-element-d674e95 elementor-widget elementor-widget-image\" data-id=\"d674e95\" data-element_type=\"widget\" data-e-type=\"widget\" data-widget_type=\"image.default\">\n\t\t\t\t<div class=\"elementor-widget-container\">\n\t\t\t\t\t\t\t\t\t\t\t\t\t\t\t<img fetchpriority=\"high\" decoding=\"async\" width=\"392\" height=\"392\" src=\"https:\/\/www.fiala.de\/wp-content\/uploads\/2019\/12\/portrait_fiala.png\" class=\"attachment-large size-large wp-image-12460\" alt=\"Portrait Dr. Fiala\" srcset=\"https:\/\/www.fiala.de\/wp-content\/uploads\/2019\/12\/portrait_fiala.png 392w, https:\/\/www.fiala.de\/wp-content\/uploads\/2019\/12\/portrait_fiala-300x300.png 300w, https:\/\/www.fiala.de\/wp-content\/uploads\/2019\/12\/portrait_fiala-150x150.png 150w\" sizes=\"(max-width: 392px) 100vw, 392px\" loading=\"eager\" \/>\t\t\t\t\t\t\t\t\t\t\t\t\t\t\t<\/div>\n\t\t\t\t<\/div>\n\t\t\t\t<div class=\"elementor-element elementor-element-274f1b3 elementor-widget elementor-widget-heading\" data-id=\"274f1b3\" data-element_type=\"widget\" data-e-type=\"widget\" data-widget_type=\"heading.default\">\n\t\t\t\t<div class=\"elementor-widget-container\">\n\t\t\t\t\t<h3 class=\"elementor-heading-title elementor-size-default\">Dr. Johannes Fiala<\/h3>\t\t\t\t<\/div>\n\t\t\t\t<\/div>\n\t\t\t\t<div class=\"elementor-element elementor-element-d11d9bf elementor-widget elementor-widget-text-editor\" data-id=\"d11d9bf\" data-element_type=\"widget\" data-e-type=\"widget\" data-widget_type=\"text-editor.default\">\n\t\t\t\t<div class=\"elementor-widget-container\">\n\t\t\t\t\t\t\t\t\t<p>Ihr Anwalt aus M\u00fcnchen ist zuverl\u00e4ssig und kompetent immer an Ihrer Seite.\u00a0<\/p>\t\t\t\t\t\t\t\t<\/div>\n\t\t\t\t<\/div>\n\t\t\t\t<\/div>\n\t\t\t\t<\/div>\n\t\t\t\t<\/div>\n\t\t<div class=\"elementor-element elementor-element-eff947d e-con-full e-flex e-con e-child\" data-id=\"eff947d\" data-element_type=\"container\" data-e-type=\"container\">\n\t\t\t\t<div class=\"elementor-element elementor-element-dbe9d11 elementor-widget elementor-widget-text-editor\" data-id=\"dbe9d11\" data-element_type=\"widget\" data-e-type=\"widget\" data-widget_type=\"text-editor.default\">\n\t\t\t\t<div class=\"elementor-widget-container\">\n\t\t\t\t\t\t\t\t\t<p style=\"text-align: left;\">Das erste Telefonat ist ein kostenfreies Kennenlerngespr\u00e4ch. Eine eingehende Beratung ist nicht m\u00f6glich.<br \/>Sie erfahren aber was wir f\u00fcr Sie tun k\u00f6nnen und was wir von Ihnen an Informationen und Unterlagen f\u00fcr eine qualifizierte Beratung ben\u00f6tigen. Damit haben Sie zur L\u00f6sung Ihrer Angelegenheit entscheidend beigetragen.<\/p>\t\t\t\t\t\t\t\t<\/div>\n\t\t\t\t<\/div>\n\t\t\t\t<\/div>\n\t\t\t\t<\/div>\n\t\t\t\t<\/div>\n\t\t\t\t<\/div>\n\t\t\t\t<\/div>\n\t\t\t\t\t\t<\/div>\n\t\t\t\t<\/div>\n\t\t\t\t<\/div>\n\t\t\t\t\t<\/div>\n\t\t\t\t<\/div>\n\t\t<div class=\"elementor-element elementor-element-522aa26 grey e-flex e-con-boxed e-con e-parent\" data-id=\"522aa26\" data-element_type=\"container\" data-e-type=\"container\">\n\t\t\t\t\t<div class=\"e-con-inner\">\n\t\t\t\t<div class=\"elementor-element elementor-element-5396ec8 elementor-widget elementor-widget-heading\" data-id=\"5396ec8\" data-element_type=\"widget\" data-e-type=\"widget\" data-widget_type=\"heading.default\">\n\t\t\t\t<div class=\"elementor-widget-container\">\n\t\t\t\t\t<h2 class=\"elementor-heading-title elementor-size-default\">Press articles and publications<\/h2>\t\t\t\t<\/div>\n\t\t\t\t<\/div>\n\t\t\t\t<div class=\"elementor-element elementor-element-83dab12 elementor-widget elementor-widget-text-editor\" data-id=\"83dab12\" data-element_type=\"widget\" data-e-type=\"widget\" data-widget_type=\"text-editor.default\">\n\t\t\t\t<div class=\"elementor-widget-container\">\n\t\t\t\t\t\t\t\t\t<p><strong>Here you will find selected technical terms. Click on a keyword You will receive corresponding press articles and publications as current search results. Please do not hesitate to contact us for further information.<\/strong><\/p>\n\t\t\t\t\t\t\t\t<\/div>\n\t\t\t\t<\/div>\n\t\t<div class=\"elementor-element elementor-element-4642095 e-con-full e-flex e-con e-child\" data-id=\"4642095\" data-element_type=\"container\" data-e-type=\"container\">\n\t\t\t\t<div class=\"elementor-element elementor-element-8d930fc elementor-widget__width-initial elementor-widget elementor-widget-text-editor\" data-id=\"8d930fc\" data-element_type=\"widget\" data-e-type=\"widget\" data-widget_type=\"text-editor.default\">\n\t\t\t\t<div class=\"elementor-widget-container\">\n\t\t\t\t\t\t\t\t\t<ul>\n<li><a href=\"https:\/\/www.fiala.de?s=Aufgebot\">Squad<\/a><\/li>\n<li><a href=\"https:\/\/www.fiala.de?s=Auflage\">Edition<\/a><\/li>\n<li><a href=\"https:\/\/www.fiala.de?s=Auslandsstiftung\">Foreign Foundation<\/a><\/li>\n<li><a href=\"https:\/\/www.fiala.de?s=Berufsbetreuer\">Career advisor<\/a><\/li>\n<li><a href=\"https:\/\/www.fiala.de?s=Betreuungsverf%C3%BCgung\">Supervision order<\/a><\/li>\n<li><a href=\"https:\/\/www.fiala.de?s=Bezugsrecht\">Subscription right<\/a><\/li>\n<li><a href=\"https:\/\/www.fiala.de?s=Ehegattentestament\">Spousal will<\/a><\/li>\n<li><a href=\"https:\/\/www.fiala.de?s=Ehevertrag\">Marriage contract<\/a><\/li>\n<li><a href=\"https:\/\/www.fiala.de?s=Erbensuche\">Search for heirs<\/a><\/li>\n<li><a href=\"https:\/\/www.fiala.de?s=Erbenermittler\">Investigators of heirs<\/a><\/li>\n<li><a href=\"https:\/\/www.fiala.de?s=Familienstiftung\">Family Foundation<\/a><\/li>\n<li><a href=\"https:\/\/www.fiala.de?s=Gesch%C3%A4ftsabwicklung\">Business processing<\/a><\/li>\n<li><a href=\"https:\/\/www.fiala.de?s=Gesch%C3%A4ftsf%C3%A4higkeit\">Legal capacity<\/a><\/li>\n<li><a href=\"https:\/\/www.fiala.de?s=G%C3%BCterstandsschaukel\">Freight Village Swing<\/a><\/li>\n<li><a href=\"https:\/\/www.fiala.de?s=Lebensversicherungsmantel\">Life Insurance Coat<\/a><\/li>\n<li><a href=\"https:\/\/www.fiala.de?s=Leibrente\">Life annuity<\/a><\/li>\n<li><a href=\"https:\/\/www.fiala.de?s=Internationales+Erbrecht\">International law of succession<\/a><\/li>\n<li><a href=\"https:\/\/www.fiala.de?s=Inventarerrichtung\">Inventory creation<\/a><\/li>\n<li><a href=\"https:\/\/www.fiala.de?s=Nachfolgeplanung\">Succession planning<\/a><\/li>\n<\/ul>\t\t\t\t\t\t\t\t<\/div>\n\t\t\t\t<\/div>\n\t\t\t\t<div class=\"elementor-element elementor-element-9ebcf7c elementor-widget__width-initial elementor-widget elementor-widget-text-editor\" data-id=\"9ebcf7c\" data-element_type=\"widget\" data-e-type=\"widget\" data-widget_type=\"text-editor.default\">\n\t\t\t\t<div class=\"elementor-widget-container\">\n\t\t\t\t\t\t\t\t\t<ul>\n<li><a href=\"https:\/\/www.fiala.de?s=Nachla%C3%9F\">Estate<\/a><\/li>\n<li><a href=\"https:\/\/www.fiala.de?s=Nachla%C3%9Fabwicklung\">Estate administration<\/a><\/li>\n<li><a href=\"https:\/\/www.fiala.de?s=Nachla%C3%9Finsolvenz\">Insolvency of estates<\/a><\/li>\n<li><a href=\"https:\/\/www.fiala.de?s=Nachla%C3%9Fpfleger\">Probate administrator<\/a><\/li>\n<li><a href=\"https:\/\/www.fiala.de?s=Nachla%C3%9Fverwaltung\">Estate administration<\/a><\/li>\n<li><a href=\"https:\/\/www.fiala.de?s=Nie%C3%9Fbrauch\">Usufruct<\/a><\/li>\n<li><a href=\"https:\/\/www.fiala.de?s=Patiententestament\">Patient&#8217;s will<\/a><\/li>\n<li><a href=\"https:\/\/www.fiala.de?s=Schenkung+f%C3%BCr+den+Todesfall\">donation in the event of death<\/a><\/li>\n<li><a href=\"https:\/\/www.fiala.de?s=Schenkung+vor+dem+Todesfall\">prehumous gift<\/a><\/li>\n<li><a href=\"https:\/\/www.fiala.de?s=Testament\">Last Will and Testament<\/a><\/li>\n<li><a href=\"https:\/\/www.fiala.de?s=Testamentsvollstreckung\">Execution of wills<\/a><\/li>\n<li><a href=\"https:\/\/www.fiala.de?s=Testierf%C3%A4higkeit\">Testamentary capacity<\/a><\/li>\n<li><a href=\"https:\/\/www.fiala.de?s=Trust\">Trust<\/a><\/li>\n<li><a href=\"https:\/\/www.fiala.de?s=Vertrag+zugunsten+Dritter\">Contract in favour of third parties<\/a><\/li>\n<li><a href=\"https:\/\/www.fiala.de?s=Verm%C3%B6gensverwaltung\">Asset Management<\/a><\/li>\n<li><a href=\"https:\/\/www.fiala.de?s=Vorsorgevollmacht\">Power of attorney<\/a><\/li>\n<li><a href=\"https:\/\/www.fiala.de?s=Wohnrecht\">Right of residence<\/a><\/li>\n<\/ul>\t\t\t\t\t\t\t\t<\/div>\n\t\t\t\t<\/div>\n\t\t\t\t<\/div>\n\t\t\t\t\t<\/div>\n\t\t\t\t<\/div>\n\t\t\t\t<\/div>\n\t\t","protected":false},"excerpt":{"rendered":"<p>Inheritance law: Advice and support on inheritance The subject of inheritance and bequeathing is as old as mankind itself and the subject Erbrecht is an extremely sensitive and complex area. Only a few people deal extensively with the subject of bequests during their lifetime and often leave their heirs more trouble than assets. Everybody knows [&hellip;]<\/p>\n","protected":false},"author":3,"featured_media":15334,"parent":15394,"menu_order":0,"comment_status":"closed","ping_status":"closed","template":"","meta":{"_acf_changed":false,"inline_featured_image":false,"footnotes":""},"categories":[490],"tags":[],"class_list":["post-16013","page","type-page","status-publish","has-post-thumbnail","hentry","category-category-fields-of-law"],"acf":[],"_links":{"self":[{"href":"https:\/\/www.fiala.de\/en\/wp-json\/wp\/v2\/pages\/16013","targetHints":{"allow":["GET"]}}],"collection":[{"href":"https:\/\/www.fiala.de\/en\/wp-json\/wp\/v2\/pages"}],"about":[{"href":"https:\/\/www.fiala.de\/en\/wp-json\/wp\/v2\/types\/page"}],"author":[{"embeddable":true,"href":"https:\/\/www.fiala.de\/en\/wp-json\/wp\/v2\/users\/3"}],"replies":[{"embeddable":true,"href":"https:\/\/www.fiala.de\/en\/wp-json\/wp\/v2\/comments?post=16013"}],"version-history":[{"count":5,"href":"https:\/\/www.fiala.de\/en\/wp-json\/wp\/v2\/pages\/16013\/revisions"}],"predecessor-version":[{"id":27723,"href":"https:\/\/www.fiala.de\/en\/wp-json\/wp\/v2\/pages\/16013\/revisions\/27723"}],"up":[{"embeddable":true,"href":"https:\/\/www.fiala.de\/en\/wp-json\/wp\/v2\/pages\/15394"}],"wp:featuredmedia":[{"embeddable":true,"href":"https:\/\/www.fiala.de\/en\/wp-json\/wp\/v2\/media\/15334"}],"wp:attachment":[{"href":"https:\/\/www.fiala.de\/en\/wp-json\/wp\/v2\/media?parent=16013"}],"wp:term":[{"taxonomy":"category","embeddable":true,"href":"https:\/\/www.fiala.de\/en\/wp-json\/wp\/v2\/categories?post=16013"},{"taxonomy":"post_tag","embeddable":true,"href":"https:\/\/www.fiala.de\/en\/wp-json\/wp\/v2\/tags?post=16013"}],"curies":[{"name":"wp","href":"https:\/\/api.w.org\/{rel}","templated":true}]}}