{"id":16140,"date":"2017-06-22T15:19:05","date_gmt":"2017-06-22T13:19:05","guid":{"rendered":"https:\/\/fiala.de\/munich-law-firm\/current-today\/"},"modified":"2024-09-07T10:31:04","modified_gmt":"2024-09-07T08:31:04","slug":"current-today","status":"publish","type":"page","link":"https:\/\/www.fiala.de\/en\/real_estate_finance_office_muchen\/current-today\/","title":{"rendered":"Current today"},"content":{"rendered":"\t\t<div data-elementor-type=\"wp-page\" data-elementor-id=\"16140\" class=\"elementor elementor-16140 elementor-6967\" data-elementor-post-type=\"page\">\n\t\t\t\t<div class=\"elementor-element elementor-element-b9c4d4f e-flex e-con-boxed e-con e-parent\" data-id=\"b9c4d4f\" data-element_type=\"container\" data-e-type=\"container\">\n\t\t\t\t\t<div class=\"e-con-inner\">\n\t\t<div class=\"elementor-element elementor-element-153f03d e-con-full e-flex e-con e-child\" data-id=\"153f03d\" data-element_type=\"container\" data-e-type=\"container\">\n\t\t\t\t<div class=\"elementor-element elementor-element-86f66d0 feed-heading elementor-widget elementor-widget-heading\" data-id=\"86f66d0\" data-element_type=\"widget\" data-e-type=\"widget\" data-widget_type=\"heading.default\">\n\t\t\t\t<div class=\"elementor-widget-container\">\n\t\t\t\t\t<h2 class=\"elementor-heading-title elementor-size-default\">BGH press releases<\/h2>\t\t\t\t<\/div>\n\t\t\t\t<\/div>\n\t\t\t\t<div class=\"elementor-element elementor-element-a0b5396 elementor-widget elementor-widget-image\" data-id=\"a0b5396\" data-element_type=\"widget\" data-e-type=\"widget\" data-widget_type=\"image.default\">\n\t\t\t\t<div class=\"elementor-widget-container\">\n\t\t\t\t\t\t\t\t\t\t\t\t\t\t\t<img decoding=\"async\" width=\"258\" height=\"53\" src=\"https:\/\/www.fiala.de\/wp-content\/uploads\/2024\/08\/bgh.jpg\" class=\"attachment-large size-large wp-image-25878\" alt=\"\" loading=\"eager\" \/>\t\t\t\t\t\t\t\t\t\t\t\t\t\t\t<\/div>\n\t\t\t\t<\/div>\n\t\t\t\t<\/div>\n\t\t\t\t<div class=\"elementor-element elementor-element-9c3c72d elementor-widget elementor-widget-wp-widget-rss\" data-id=\"9c3c72d\" data-element_type=\"widget\" data-e-type=\"widget\" data-widget_type=\"wp-widget-rss.default\">\n\t\t\t\t<div class=\"elementor-widget-container\">\n\t\t\t\t\t<h5><a class=\"rsswidget rss-widget-feed external\" href=\"https:\/\/juris.bundesgerichtshof.de\/rechtsprechung\/bgh\/feed.xml\" target=\"_blank\" rel=\"noopener noreferrer nofollow\"><img decoding=\"async\" class=\"rss-widget-icon\" style=\"border:0\" width=\"14\" height=\"14\" src=\"https:\/\/www.fiala.de\/wp-includes\/images\/rss.png\" alt=\"RSS\" \/><\/a> <a class=\"rsswidget rss-widget-title external\" href=\"https:\/\/www.bundesgerichtshof.de\/DE\/Presse\/Pressemitteilungen\/pressemitteilungen_node.html\" target=\"_blank\" rel=\"noopener noreferrer nofollow\">BGH-Pressemitteilungen<\/a><\/h5><ul><li><a class=\"rsswidget external\" href=\"https:\/\/www.bundesgerichtshof.de\/SharedDocs\/Pressemitteilungen\/DE\/2026\/2026081.html\" target=\"_blank\" rel=\"noopener noreferrer nofollow\">Verhandlungstermin am 2. Juli 2026 um 11:00 Uhr in den Sachen I ZR 34\/23 und I ZR 35\/23 (Weitersendung von Rundfunkprogrammen im Seniorenwohnheim)<\/a><div class=\"rssSummary\">Pressemitteilung 081\/2026 vom 12.05.2026<\/div><\/li><li><a class=\"rsswidget external\" href=\"https:\/\/www.bundesgerichtshof.de\/SharedDocs\/Pressemitteilungen\/DE\/2026\/2026082.html\" target=\"_blank\" rel=\"noopener noreferrer nofollow\">Verhandlungstermine am 16. September 2026, 10.00 Uhr, in Sachen  VIII ZR 131\/24, VIII ZR 152\/24, VIII ZR 36\/25 und VIII ZR 313\/25  (Lieferung von Corona-Schutzmasken)<\/a><div class=\"rssSummary\">Pressemitteilung 082\/2026 vom 12.05.2026<\/div><\/li><li><a class=\"rsswidget external\" href=\"https:\/\/www.bundesgerichtshof.de\/SharedDocs\/Pressemitteilungen\/DE\/2026\/2026080.html\" target=\"_blank\" rel=\"noopener noreferrer nofollow\">Grenzen des &quot;Sammelklage-Inkassos&quot; beim LKW-Kartell<\/a><div class=\"rssSummary\">Pressemitteilung 080\/2026 vom 12.05.2026<\/div><\/li><li><a class=\"rsswidget external\" href=\"https:\/\/www.bundesgerichtshof.de\/SharedDocs\/Pressemitteilungen\/DE\/2026\/2026079.html\" target=\"_blank\" rel=\"noopener noreferrer nofollow\">Verhandlungstermin am 21. Oktober 2026 um 9:00 Uhr in Sachen I ZR 253\/25 (Zul\u00e4ssigkeit einer Verbandsklage)<\/a><div class=\"rssSummary\">Pressemitteilung 079\/2026 vom 11.05.2026<\/div><\/li><li><a class=\"rsswidget external\" href=\"https:\/\/www.bundesgerichtshof.de\/SharedDocs\/Pressemitteilungen\/DE\/2026\/2026077.html\" target=\"_blank\" rel=\"noopener noreferrer nofollow\">Bundesgerichtshof best\u00e4tigt Rechtsprechung zu den Grunds\u00e4tzen der Beweislastumkehr gem\u00e4\u00df \u00a7 477 BGB beim Verbrauchsg\u00fcterkauf<\/a><div class=\"rssSummary\">Pressemitteilung 077\/2026 vom 07.05.2026<\/div><\/li><li><a class=\"rsswidget external\" href=\"https:\/\/www.bundesgerichtshof.de\/SharedDocs\/Pressemitteilungen\/DE\/2026\/2026078.html\" target=\"_blank\" rel=\"noopener noreferrer nofollow\">Verhandlungstermin am 12. Juni 2026 um 9.00 Uhr in Sachen V ZR 162\/25 (Anspruch eines Wohnungseigent\u00fcmers auf Gestattung eines Klima-Splitger\u00e4ts?)<\/a><div class=\"rssSummary\">Pressemitteilung 078\/2026 vom 07.05.2026<\/div><\/li><li><a class=\"rsswidget external\" href=\"https:\/\/www.bundesgerichtshof.de\/SharedDocs\/Pressemitteilungen\/DE\/2026\/2026076.html\" target=\"_blank\" rel=\"noopener noreferrer nofollow\">Verhandlungstermin am 30. Juli 2026 um 10:00 Uhr in Sachen I ZR 256\/25 (Weiterleiten privater Chat-Nachrichten an Dritte)<\/a><div class=\"rssSummary\">Pressemitteilung 076\/2026 vom 06.05.2026<\/div><\/li><li><a class=\"rsswidget external\" href=\"https:\/\/www.bundesgerichtshof.de\/SharedDocs\/Pressemitteilungen\/DE\/2026\/2026075.html\" target=\"_blank\" rel=\"noopener noreferrer nofollow\">Verhandlungstermin am 28. Juli 2026, 9.00 Uhr, Saal E 101, in Sachen XI ZR 83\/25 (Jahresentgelt f\u00fcr sog. Riester-Bausparvertrag)<\/a><div class=\"rssSummary\">Pressemitteilung 075\/2026 vom 29.04.2026<\/div><\/li><li><a class=\"rsswidget external\" href=\"https:\/\/www.bundesgerichtshof.de\/SharedDocs\/Pressemitteilungen\/DE\/2026\/2026074.html\" target=\"_blank\" rel=\"noopener noreferrer nofollow\">Verurteilung durch das Landgericht Itzehoe wegen t\u00f6dlicher Verbr\u00fchung eines Kleinkinds rechtskr\u00e4ftig<\/a><div class=\"rssSummary\">Pressemitteilung 074\/2026 vom 28.04.2026<\/div><\/li><li><a class=\"rsswidget external\" href=\"https:\/\/www.bundesgerichtshof.de\/SharedDocs\/Pressemitteilungen\/DE\/2026_en\/2026073.html\" target=\"_blank\" rel=\"noopener noreferrer nofollow\">Federal Court of Justice dismisses appeals on points of law filed by ringleaders of Kaiserreichsgruppe against\u00a0conviction by Koblenz Higher Regional Court<\/a><div class=\"rssSummary\">Pressemitteilung 073\/2026 vom 27.04.2026<\/div><\/li><\/ul>\t\t\t\t<\/div>\n\t\t\t\t<\/div>\n\t\t<div class=\"elementor-element elementor-element-637ac59 e-con-full e-flex e-con e-child\" data-id=\"637ac59\" data-element_type=\"container\" data-e-type=\"container\">\n\t\t\t\t<div class=\"elementor-element elementor-element-33536e1 feed-heading elementor-widget elementor-widget-heading\" data-id=\"33536e1\" data-element_type=\"widget\" data-e-type=\"widget\" data-widget_type=\"heading.default\">\n\t\t\t\t<div class=\"elementor-widget-container\">\n\t\t\t\t\t<h2 class=\"elementor-heading-title elementor-size-default\">Federal Constitutional Court Newsfeed<\/h2>\t\t\t\t<\/div>\n\t\t\t\t<\/div>\n\t\t\t\t<div class=\"elementor-element elementor-element-11c8320 elementor-widget elementor-widget-image\" data-id=\"11c8320\" data-element_type=\"widget\" data-e-type=\"widget\" data-widget_type=\"image.default\">\n\t\t\t\t<div class=\"elementor-widget-container\">\n\t\t\t\t\t\t\t\t\t\t\t\t\t\t\t<img decoding=\"async\" width=\"258\" height=\"53\" src=\"https:\/\/www.fiala.de\/wp-content\/uploads\/2024\/08\/bvg.jpg\" class=\"attachment-large size-large wp-image-25880\" alt=\"\" loading=\"eager\" \/>\t\t\t\t\t\t\t\t\t\t\t\t\t\t\t<\/div>\n\t\t\t\t<\/div>\n\t\t\t\t<\/div>\n\t\t<div class=\"elementor-element elementor-element-2f5154b e-con-full e-flex e-con e-child\" data-id=\"2f5154b\" data-element_type=\"container\" data-e-type=\"container\">\n\t\t\t\t<div class=\"elementor-element elementor-element-9337a4a feed-heading elementor-widget elementor-widget-heading\" data-id=\"9337a4a\" data-element_type=\"widget\" data-e-type=\"widget\" data-widget_type=\"heading.default\">\n\t\t\t\t<div class=\"elementor-widget-container\">\n\t\t\t\t\t<h2 class=\"elementor-heading-title elementor-size-default\">BFH press releases<\/h2>\t\t\t\t<\/div>\n\t\t\t\t<\/div>\n\t\t\t\t<div class=\"elementor-element elementor-element-e1843ea elementor-widget elementor-widget-image\" data-id=\"e1843ea\" data-element_type=\"widget\" data-e-type=\"widget\" data-widget_type=\"image.default\">\n\t\t\t\t<div class=\"elementor-widget-container\">\n\t\t\t\t\t\t\t\t\t\t\t\t\t\t\t<img decoding=\"async\" width=\"258\" height=\"53\" src=\"https:\/\/www.fiala.de\/wp-content\/uploads\/2024\/08\/bfinanzhof.jpg\" class=\"attachment-large size-large wp-image-25876\" alt=\"\" loading=\"eager\" \/>\t\t\t\t\t\t\t\t\t\t\t\t\t\t\t<\/div>\n\t\t\t\t<\/div>\n\t\t\t\t<\/div>\n\t\t\t\t<div class=\"elementor-element elementor-element-9810c5a elementor-widget elementor-widget-wp-widget-rss\" data-id=\"9810c5a\" data-element_type=\"widget\" data-e-type=\"widget\" data-widget_type=\"wp-widget-rss.default\">\n\t\t\t\t<div class=\"elementor-widget-container\">\n\t\t\t\t\t<h5><a class=\"rsswidget rss-widget-feed external\" href=\"https:\/\/www.bundesfinanzhof.de\/de\/precedent.rss\" target=\"_blank\" rel=\"noopener noreferrer nofollow\"><img decoding=\"async\" class=\"rss-widget-icon\" style=\"border:0\" width=\"14\" height=\"14\" src=\"https:\/\/www.fiala.de\/wp-includes\/images\/rss.png\" alt=\"RSS\" \/><\/a> <a class=\"rsswidget rss-widget-title external\" href=\"https:\/\/www.bundesfinanzhof.de\/de\/\" target=\"_blank\" rel=\"noopener noreferrer nofollow\">BFH-Entscheidungen<\/a><\/h5><ul><li><a class=\"rsswidget external\" href=\"https:\/\/www.bundesfinanzhof.de\/de\/entscheidung\/entscheidungen-online\/detail\/STRE202650089\/\" target=\"_blank\" rel=\"noopener noreferrer nofollow\">V B 114\/25<\/a><div class=\"rssSummary\">Klage\u00e4nderung im finanzgerichtlichen Verfahren<\/div><\/li><li><a class=\"rsswidget external\" href=\"https:\/\/www.bundesfinanzhof.de\/de\/entscheidung\/entscheidungen-online\/detail\/STRE202650090\/\" target=\"_blank\" rel=\"noopener noreferrer nofollow\">VII R 5\/25<\/a><div class=\"rssSummary\">Inhaltsgleich mit BFH-Urteil vom 20.01.2026 <a href=\"https:\/\/dejure.org\/dienste\/vernetzung\/rechtsprechung?Text=VII%20R%204\/25\" title=\"BFH, 20.01.2026 - VII R 4\/25: Andere Gesetze im Sinne des &sect; 140 AO bei nationalen Verbrauchsteu...\" rel=\"nofollow noopener\" target=\"_blank\" class=\"external\">VII R 4\/25<\/a> - Andere Gesetze im Sinne des <a href=\"https:\/\/dejure.org\/gesetze\/AO\/140.html\" title=\"&sect; 140 AO: Buchf&uuml;hrungs- und Aufzeichnungspflichten nach anderen Gesetzen\" rel=\"nofollow noopener\" target=\"_blank\" class=\"external\">\u00a7 140 AO<\/a> bei nationalen Verbrauchsteuern<\/div><\/li><li><a class=\"rsswidget external\" href=\"https:\/\/www.bundesfinanzhof.de\/de\/entscheidung\/entscheidungen-online\/detail\/STRE202650087\/\" target=\"_blank\" rel=\"noopener noreferrer nofollow\">VII R 30\/24<\/a><div class=\"rssSummary\">Sicherheitsleistung keine Voraussetzung f\u00fcr die wirksame Er\u00f6ffnung eines Steueraussetzungsverfahrens<\/div><\/li><li><a class=\"rsswidget external\" href=\"https:\/\/www.bundesfinanzhof.de\/de\/entscheidung\/entscheidungen-online\/detail\/STRE202650088\/\" target=\"_blank\" rel=\"noopener noreferrer nofollow\">VII R 31\/24<\/a><div class=\"rssSummary\">Teilweise inhaltsgleich mit BFH-Urteil vom 18.11.2025 <a href=\"https:\/\/dejure.org\/dienste\/vernetzung\/rechtsprechung?Text=VII%20R%2030\/24\" title=\"BFH, 18.11.2025 - VII R 30\/24: Sicherheitsleistung keine Voraussetzung f&uuml;r die wirksame Er&ouml;ffnu...\" rel=\"nofollow noopener\" target=\"_blank\" class=\"external\">VII R 30\/24<\/a> - Sicherheitsleistung keine Voraussetzung f\u00fcr die wirksame Er\u00f6ffnung eines Steueraussetzungsverfahrens<\/div><\/li><li><a class=\"rsswidget external\" href=\"https:\/\/www.bundesfinanzhof.de\/de\/entscheidung\/entscheidungen-online\/detail\/STRE202610092\/\" target=\"_blank\" rel=\"noopener noreferrer nofollow\">VII R 4\/25<\/a><div class=\"rssSummary\">Andere Gesetze im Sinne des <a href=\"https:\/\/dejure.org\/gesetze\/AO\/140.html\" title=\"&sect; 140 AO: Buchf&uuml;hrungs- und Aufzeichnungspflichten nach anderen Gesetzen\" rel=\"nofollow noopener\" target=\"_blank\" class=\"external\">\u00a7 140 AO<\/a> bei nationalen Verbrauchsteuern<\/div><\/li><li><a class=\"rsswidget external\" href=\"https:\/\/www.bundesfinanzhof.de\/de\/entscheidung\/entscheidungen-online\/detail\/STRE202650085\/\" target=\"_blank\" rel=\"noopener noreferrer nofollow\">V R 39\/25<\/a><div class=\"rssSummary\">Im Wesentlichen inhaltsgleich mit BFH-Urteil vom 18.12.2025 <a href=\"https:\/\/dejure.org\/dienste\/vernetzung\/rechtsprechung?Text=V%20R%203\/25\" title=\"BFH, 18.12.2025 - V R 3\/25: Innergemeinschaftliche Lieferung: Gelangensbest&auml;tigung keine Voraus...\" rel=\"nofollow noopener\" target=\"_blank\" class=\"external\">V R 3\/25<\/a> - Innergemeinschaftliche Lieferung: Gelangensbest\u00e4tigung keine Voraussetzung f\u00fcr Vertrauensschutz<\/div><\/li><li><a class=\"rsswidget external\" href=\"https:\/\/www.bundesfinanzhof.de\/de\/entscheidung\/entscheidungen-online\/detail\/STRE202610090\/\" target=\"_blank\" rel=\"noopener noreferrer nofollow\">VI R 25\/24<\/a><div class=\"rssSummary\">Steuerfreiheit von Corona-Sonderzahlungen auch bei Anrechnung auf andere freiwillige Arbeitgeberleistungen<\/div><\/li><li><a class=\"rsswidget external\" href=\"https:\/\/www.bundesfinanzhof.de\/de\/entscheidung\/entscheidungen-online\/detail\/STRE202610084\/\" target=\"_blank\" rel=\"noopener noreferrer nofollow\">III R 18\/25<\/a><div class=\"rssSummary\">Betriebsausgabenabzug f\u00fcr Fahrten zwischen Wohnung und Betriebsst\u00e4tte - Anforderungen an eine Betriebsst\u00e4tte gem\u00e4\u00df <a href=\"https:\/\/dejure.org\/gesetze\/EStG\/4.html\" title=\"&sect; 4 EStG: Gewinnbegriff im Allgemeinen\" rel=\"nofollow noopener\" target=\"_blank\" class=\"external\">\u00a7 4 Abs. 5 Satz 1 Nr. 6<\/a> des Einkommensteuergesetzes<\/div><\/li><li><a class=\"rsswidget external\" href=\"https:\/\/www.bundesfinanzhof.de\/de\/entscheidung\/entscheidungen-online\/detail\/STRE202610088\/\" target=\"_blank\" rel=\"noopener noreferrer nofollow\">V R 7\/24<\/a><div class=\"rssSummary\">Vollverzinsung nach <a href=\"https:\/\/dejure.org\/gesetze\/AO\/233a.html\" title=\"&sect; 233a AO: Verzinsung von Steuernachforderungen und Steuererstattungen\" rel=\"nofollow noopener\" target=\"_blank\" class=\"external\">\u00a7 233a AO<\/a> und Unionsrecht<\/div><\/li><li><a class=\"rsswidget external\" href=\"https:\/\/www.bundesfinanzhof.de\/de\/entscheidung\/entscheidungen-online\/detail\/STRE202610089\/\" target=\"_blank\" rel=\"noopener noreferrer nofollow\">V R 8\/24<\/a><div class=\"rssSummary\">Vollverzinsung nach <a href=\"https:\/\/dejure.org\/gesetze\/AO\/233a.html\" title=\"&sect; 233a AO: Verzinsung von Steuernachforderungen und Steuererstattungen\" rel=\"nofollow noopener\" target=\"_blank\" class=\"external\">\u00a7 233a AO<\/a> und Billigkeit<\/div><\/li><\/ul>\t\t\t\t<\/div>\n\t\t\t\t<\/div>\n\t\t<div class=\"elementor-element elementor-element-c0e1862 e-con-full elementor-hidden-desktop elementor-hidden-tablet elementor-hidden-mobile e-flex e-con e-child\" data-id=\"c0e1862\" data-element_type=\"container\" data-e-type=\"container\">\n\t\t\t\t<div class=\"elementor-element elementor-element-b3a5fff feed-heading elementor-widget elementor-widget-heading\" data-id=\"b3a5fff\" data-element_type=\"widget\" data-e-type=\"widget\" data-widget_type=\"heading.default\">\n\t\t\t\t<div class=\"elementor-widget-container\">\n\t\t\t\t\t<h2 class=\"elementor-heading-title elementor-size-default\">Federal Government Press releases<\/h2>\t\t\t\t<\/div>\n\t\t\t\t<\/div>\n\t\t\t\t<div class=\"elementor-element elementor-element-c83bc89 elementor-widget elementor-widget-image\" data-id=\"c83bc89\" data-element_type=\"widget\" data-e-type=\"widget\" data-widget_type=\"image.default\">\n\t\t\t\t<div class=\"elementor-widget-container\">\n\t\t\t\t\t\t\t\t\t\t\t\t\t\t\t<img decoding=\"async\" width=\"258\" height=\"53\" src=\"https:\/\/www.fiala.de\/wp-content\/uploads\/2024\/08\/bregierung.jpg\" class=\"attachment-large size-large wp-image-25892\" alt=\"\" loading=\"eager\" \/>\t\t\t\t\t\t\t\t\t\t\t\t\t\t\t<\/div>\n\t\t\t\t<\/div>\n\t\t\t\t<\/div>\n\t\t\t\t\t<\/div>\n\t\t\t\t<\/div>\n\t\t\t\t<\/div>\n\t\t","protected":false},"excerpt":{"rendered":"<p>BGH press releases Federal Constitutional Court Newsfeed BFH press releases Federal Government Press releases<\/p>\n","protected":false},"author":4,"featured_media":0,"parent":15530,"menu_order":0,"comment_status":"closed","ping_status":"closed","template":"","meta":{"_acf_changed":false,"inline_featured_image":false,"footnotes":""},"categories":[],"tags":[],"class_list":["post-16140","page","type-page","status-publish","hentry"],"acf":[],"_links":{"self":[{"href":"https:\/\/www.fiala.de\/en\/wp-json\/wp\/v2\/pages\/16140","targetHints":{"allow":["GET"]}}],"collection":[{"href":"https:\/\/www.fiala.de\/en\/wp-json\/wp\/v2\/pages"}],"about":[{"href":"https:\/\/www.fiala.de\/en\/wp-json\/wp\/v2\/types\/page"}],"author":[{"embeddable":true,"href":"https:\/\/www.fiala.de\/en\/wp-json\/wp\/v2\/users\/4"}],"replies":[{"embeddable":true,"href":"https:\/\/www.fiala.de\/en\/wp-json\/wp\/v2\/comments?post=16140"}],"version-history":[{"count":2,"href":"https:\/\/www.fiala.de\/en\/wp-json\/wp\/v2\/pages\/16140\/revisions"}],"predecessor-version":[{"id":26742,"href":"https:\/\/www.fiala.de\/en\/wp-json\/wp\/v2\/pages\/16140\/revisions\/26742"}],"up":[{"embeddable":true,"href":"https:\/\/www.fiala.de\/en\/wp-json\/wp\/v2\/pages\/15530"}],"wp:attachment":[{"href":"https:\/\/www.fiala.de\/en\/wp-json\/wp\/v2\/media?parent=16140"}],"wp:term":[{"taxonomy":"category","embeddable":true,"href":"https:\/\/www.fiala.de\/en\/wp-json\/wp\/v2\/categories?post=16140"},{"taxonomy":"post_tag","embeddable":true,"href":"https:\/\/www.fiala.de\/en\/wp-json\/wp\/v2\/tags?post=16140"}],"curies":[{"name":"wp","href":"https:\/\/api.w.org\/{rel}","templated":true}]}}